{"id":404605,"date":"2026-03-08T05:46:47","date_gmt":"2026-03-08T04:46:47","guid":{"rendered":"https:\/\/grupotextil.es\/producto\/pantalon-action-work-guard-largo\/"},"modified":"2026-03-08T05:46:47","modified_gmt":"2026-03-08T04:46:47","slug":"pantalon-action-work-guard-largo","status":"publish","type":"product","link":"https:\/\/grupotextil.es\/en\/product\/pantalon-action-work-guard-largo\/","title":{"rendered":"Trouser Action Work-Guard largo"},"content":{"rendered":"<ul>\n<li>270 g\/m\u00b2<\/li>\n<li>65% poli\u00e9ster, 35% algod\u00f3n<\/li>\n<li>Cremallera frontal con bot\u00f3n<\/li>\n<li>Cintura expandible con trabillas para el cintur\u00f3n<\/li>\n<li>Bolsillo lateral calienta-manos, otros bolsillos<\/li>\n<li>Costuras de doble aguja, remates en puntos de tensi\u00f3n importantes<\/li>\n<li>Acabado duradero y resistente<\/li>\n<li>Largo de pierna de 34 pulgadas, con 5 cm adicionales de largo<\/li>\n<li>Apropiado para bordar<\/li>\n<li>M\u00e1s tallas para este productos, consulta el producto 908.33.<\/li>\n<\/ul>","protected":false},"excerpt":{"rendered":"<p>270 g\/m\u00b265% poli\u00e9ster, 35% algod\u00f3nCremallera frontal con bot\u00f3nCintura expandible con trabillas para el cintur\u00f3nBolsillo lateral calienta-manos, otros bolsillosCosturas de doble aguja, remates en pu&#8230;<\/p>","protected":false},"featured_media":429703,"comment_status":"open","ping_status":"closed","template":"","meta":{"_acf_changed":false},"product_brand":[11669],"product_cat":[13948,13954,13939,13950,13974,13932,13930,13975,13983,13992,13973],"product_tag":[],"class_list":{"0":"post-404605","1":"product","2":"type-product","3":"status-publish","4":"has-post-thumbnail","6":"product_brand-result","7":"product_cat-accesorios","8":"product_cat-acc-bolsas-y-mochilas","9":"product_cat-deportivo","10":"product_cat-gorros-y-beanies","11":"product_cat-ropa-hombre","12":"product_cat-hosteleria-horeca","13":"product_cat-laboral","14":"product_cat-ropa-mujer","15":"product_cat-h-pantalones","16":"product_cat-m-pantalones","17":"product_cat-ropa","18":"tm-no-options","20":"first","21":"instock","22":"taxable","23":"shipping-taxable","24":"product-type-variable"},"acf":[],"_links":{"self":[{"href":"https:\/\/grupotextil.es\/en\/wp-json\/wp\/v2\/product\/404605","targetHints":{"allow":["GET"]}}],"collection":[{"href":"https:\/\/grupotextil.es\/en\/wp-json\/wp\/v2\/product"}],"about":[{"href":"https:\/\/grupotextil.es\/en\/wp-json\/wp\/v2\/types\/product"}],"replies":[{"embeddable":true,"href":"https:\/\/grupotextil.es\/en\/wp-json\/wp\/v2\/comments?post=404605"}],"wp:featuredmedia":[{"embeddable":true,"href":"https:\/\/grupotextil.es\/en\/wp-json\/wp\/v2\/media\/429703"}],"wp:attachment":[{"href":"https:\/\/grupotextil.es\/en\/wp-json\/wp\/v2\/media?parent=404605"}],"wp:term":[{"taxonomy":"product_brand","embeddable":true,"href":"https:\/\/grupotextil.es\/en\/wp-json\/wp\/v2\/product_brand?post=404605"},{"taxonomy":"product_cat","embeddable":true,"href":"https:\/\/grupotextil.es\/en\/wp-json\/wp\/v2\/product_cat?post=404605"},{"taxonomy":"product_tag","embeddable":true,"href":"https:\/\/grupotextil.es\/en\/wp-json\/wp\/v2\/product_tag?post=404605"}],"curies":[{"name":"wp","href":"https:\/\/api.w.org\/{rel}","templated":true}]}}