{"id":404641,"date":"2026-03-08T05:46:49","date_gmt":"2026-03-08T04:46:49","guid":{"rendered":"https:\/\/grupotextil.es\/producto\/pantalon-de-trabajo-resistente-largo-34\/"},"modified":"2026-03-08T05:46:49","modified_gmt":"2026-03-08T04:46:49","slug":"pantalon-de-trabajo-resistente-largo-34","status":"publish","type":"product","link":"https:\/\/grupotextil.es\/en\/product\/pantalon-de-trabajo-resistente-largo-34\/","title":{"rendered":"Trouser de trabajo resistente largo 34\u201d"},"content":{"rendered":"<ul>\n<li>260 g\/m\u00b2<\/li>\n<li>65% poli\u00e9ster, 35% algod\u00f3n (lona resistente)<\/li>\n<li>Capa tefl\u00f3n\u2122 resistente a las manchas<\/li>\n<li>Abertura de bolsillo con triple puntada y costuras interiores<\/li>\n<li>Bolsillos traseros, uno abierto y otro con solapa y cinta con sistema autocierre de gancho<\/li>\n<li>Bolsillos en ambas piernas, con pr\u00e1cticos compartimentos en la pierna derecha<\/li>\n<li>Bolsillos internos en las rodillas (max 21x15cm)<\/li>\n<li>Bolsillos internos en las rodillas (max 21x15cm)<\/li>\n<li>Lavable m\u00e1quina a 60\u00baC<\/li>\n<li>M\u00e1s tallas para este productos, consulta el producto 976.00 y 978.00.<\/li>\n<\/ul>","protected":false},"excerpt":{"rendered":"<p>260 g\/m\u00b265% poli\u00e9ster, 35% algod\u00f3n (lona resistente)Capa tefl\u00f3n\u2122 resistente a las manchasAbertura de bolsillo con triple puntada y costuras interioresBolsillos traseros, uno abierto y otro con sola&#8230;<\/p>","protected":false},"featured_media":429739,"comment_status":"open","ping_status":"closed","template":"","meta":{"_acf_changed":false},"product_brand":[11670],"product_cat":[13948,13954,13950,13974,13930,13975,13973],"product_tag":[],"class_list":{"0":"post-404641","1":"product","2":"type-product","3":"status-publish","4":"has-post-thumbnail","6":"product_brand-russell-europe","7":"product_cat-accesorios","8":"product_cat-acc-bolsas-y-mochilas","9":"product_cat-gorros-y-beanies","10":"product_cat-ropa-hombre","11":"product_cat-laboral","12":"product_cat-ropa-mujer","13":"product_cat-ropa","14":"tm-no-options","16":"first","17":"instock","18":"taxable","19":"shipping-taxable","20":"product-type-variable"},"acf":[],"_links":{"self":[{"href":"https:\/\/grupotextil.es\/en\/wp-json\/wp\/v2\/product\/404641","targetHints":{"allow":["GET"]}}],"collection":[{"href":"https:\/\/grupotextil.es\/en\/wp-json\/wp\/v2\/product"}],"about":[{"href":"https:\/\/grupotextil.es\/en\/wp-json\/wp\/v2\/types\/product"}],"replies":[{"embeddable":true,"href":"https:\/\/grupotextil.es\/en\/wp-json\/wp\/v2\/comments?post=404641"}],"wp:featuredmedia":[{"embeddable":true,"href":"https:\/\/grupotextil.es\/en\/wp-json\/wp\/v2\/media\/429739"}],"wp:attachment":[{"href":"https:\/\/grupotextil.es\/en\/wp-json\/wp\/v2\/media?parent=404641"}],"wp:term":[{"taxonomy":"product_brand","embeddable":true,"href":"https:\/\/grupotextil.es\/en\/wp-json\/wp\/v2\/product_brand?post=404641"},{"taxonomy":"product_cat","embeddable":true,"href":"https:\/\/grupotextil.es\/en\/wp-json\/wp\/v2\/product_cat?post=404641"},{"taxonomy":"product_tag","embeddable":true,"href":"https:\/\/grupotextil.es\/en\/wp-json\/wp\/v2\/product_tag?post=404641"}],"curies":[{"name":"wp","href":"https:\/\/api.w.org\/{rel}","templated":true}]}}