{"id":404757,"date":"2026-03-08T05:47:00","date_gmt":"2026-03-08T04:47:00","guid":{"rendered":"https:\/\/grupotextil.es\/producto\/estuche-de-viaje-transparente-boutique\/"},"modified":"2026-03-08T05:47:00","modified_gmt":"2026-03-08T04:47:00","slug":"estuche-de-viaje-transparente-boutique","status":"publish","type":"product","link":"https:\/\/grupotextil.es\/en\/product\/estuche-de-viaje-transparente-boutique\/","title":{"rendered":"Pencil Case de viaje transparente Boutique"},"content":{"rendered":"<ul>\n<li>100% poliuretano (apariencia cuero)<\/li>\n<li>Grano fino Saffiano<\/li>\n<li>Forro suave al tacto<\/li>\n<li>Multiusos<\/li>\n<li>Asa de transporte del mismo tejido<\/li>\n<li>Compartimento principal con cremallera met\u00e1lica dorada de alto brillo<\/li>\n<li>Panel de vista transparente<\/li>\n<li>Etiqueta TearAway para facilitar el cambio de marca<\/li>\n<li>Capacidad: 3 Litros<\/li>\n<li>Medidas: 26 x 16 x 9 cm<\/li>\n<li>M\u00e1x. \u00e1rea de impresi\u00f3n: 19 x 9 cm<\/li>\n<\/ul>","protected":false},"excerpt":{"rendered":"<p>100% poliuretano (apariencia cuero)Grano fino SaffianoForro suave al tactoMultiusosAsa de transporte del mismo tejidoCompartimento principal con cremallera met\u00e1lica dorada de alto brilloPanel de vi&#8230;<\/p>","protected":false},"featured_media":429820,"comment_status":"open","ping_status":"closed","template":"","meta":{"_acf_changed":false},"product_brand":[11668],"product_cat":[13948,13954,13950,13974,13930,13975,13973],"product_tag":[],"class_list":{"0":"post-404757","1":"product","2":"type-product","3":"status-publish","4":"has-post-thumbnail","6":"product_brand-bag-base","7":"product_cat-accesorios","8":"product_cat-acc-bolsas-y-mochilas","9":"product_cat-gorros-y-beanies","10":"product_cat-ropa-hombre","11":"product_cat-laboral","12":"product_cat-ropa-mujer","13":"product_cat-ropa","14":"tm-no-options","16":"first","17":"instock","18":"taxable","19":"shipping-taxable","20":"product-type-variable"},"acf":[],"_links":{"self":[{"href":"https:\/\/grupotextil.es\/en\/wp-json\/wp\/v2\/product\/404757","targetHints":{"allow":["GET"]}}],"collection":[{"href":"https:\/\/grupotextil.es\/en\/wp-json\/wp\/v2\/product"}],"about":[{"href":"https:\/\/grupotextil.es\/en\/wp-json\/wp\/v2\/types\/product"}],"replies":[{"embeddable":true,"href":"https:\/\/grupotextil.es\/en\/wp-json\/wp\/v2\/comments?post=404757"}],"wp:featuredmedia":[{"embeddable":true,"href":"https:\/\/grupotextil.es\/en\/wp-json\/wp\/v2\/media\/429820"}],"wp:attachment":[{"href":"https:\/\/grupotextil.es\/en\/wp-json\/wp\/v2\/media?parent=404757"}],"wp:term":[{"taxonomy":"product_brand","embeddable":true,"href":"https:\/\/grupotextil.es\/en\/wp-json\/wp\/v2\/product_brand?post=404757"},{"taxonomy":"product_cat","embeddable":true,"href":"https:\/\/grupotextil.es\/en\/wp-json\/wp\/v2\/product_cat?post=404757"},{"taxonomy":"product_tag","embeddable":true,"href":"https:\/\/grupotextil.es\/en\/wp-json\/wp\/v2\/product_tag?post=404757"}],"curies":[{"name":"wp","href":"https:\/\/api.w.org\/{rel}","templated":true}]}}