{"id":405039,"date":"2026-03-08T05:48:16","date_gmt":"2026-03-08T04:48:16","guid":{"rendered":"https:\/\/grupotextil.es\/producto\/camisa-de-trabajo-elegante-manga-corta\/"},"modified":"2026-03-08T05:48:16","modified_gmt":"2026-03-08T04:48:16","slug":"camisa-de-trabajo-elegante-manga-corta","status":"publish","type":"product","link":"https:\/\/grupotextil.es\/en\/product\/camisa-de-trabajo-elegante-manga-corta\/","title":{"rendered":"Camisa de trabajo elegante manga corta"},"content":{"rendered":"<ul>\n<li>150 g\/m\u00b2<\/li>\n<li>Parte frontal: 60% algod\u00f3n, 40% poli\u00e9ster (sarga)<\/li>\n<li>Parte trasera: 100% poli\u00e9ster (Jersey Piqu\u00e9)<\/li>\n<li>Camisa de trabajo moderna con mangas corta en un aspecto deportivo y elegante.<\/li>\n<li>Secci\u00f3n trasera transpirable y reguladora de la humedad<\/li>\n<li>Cuello levantado yestrecho y tira de peque\u00f1os botones<\/li>\n<li>Bolsillo con ribete en el pecho con bot\u00f3n<\/li>\n<li>Bolsillo con ribete en la parte izquierda del pecho<\/li>\n<li>Lavable hasta 60 \u00b0 C<\/li>\n<li>Corte ajustado<\/li>\n<\/ul>","protected":false},"excerpt":{"rendered":"<p>150 g\/m\u00b2Parte frontal: 60% algod\u00f3n, 40% poli\u00e9ster (sarga)Parte trasera: 100% poli\u00e9ster (Jersey Piqu\u00e9)Camisa de trabajo moderna con mangas corta en un aspecto deportivo y elegante.<\/p>","protected":false},"featured_media":430050,"comment_status":"open","ping_status":"closed","template":"","meta":{"_acf_changed":false},"product_brand":[11673],"product_cat":[13954,13950,13974,13932,13930,13975,13973],"product_tag":[],"class_list":{"0":"post-405039","1":"product","2":"type-product","3":"status-publish","4":"has-post-thumbnail","6":"product_brand-karlowsky","7":"product_cat-acc-bolsas-y-mochilas","8":"product_cat-gorros-y-beanies","9":"product_cat-ropa-hombre","10":"product_cat-hosteleria-horeca","11":"product_cat-laboral","12":"product_cat-ropa-mujer","13":"product_cat-ropa","14":"tm-no-options","16":"first","17":"instock","18":"taxable","19":"shipping-taxable","20":"product-type-variable"},"acf":[],"_links":{"self":[{"href":"https:\/\/grupotextil.es\/en\/wp-json\/wp\/v2\/product\/405039","targetHints":{"allow":["GET"]}}],"collection":[{"href":"https:\/\/grupotextil.es\/en\/wp-json\/wp\/v2\/product"}],"about":[{"href":"https:\/\/grupotextil.es\/en\/wp-json\/wp\/v2\/types\/product"}],"replies":[{"embeddable":true,"href":"https:\/\/grupotextil.es\/en\/wp-json\/wp\/v2\/comments?post=405039"}],"wp:featuredmedia":[{"embeddable":true,"href":"https:\/\/grupotextil.es\/en\/wp-json\/wp\/v2\/media\/430050"}],"wp:attachment":[{"href":"https:\/\/grupotextil.es\/en\/wp-json\/wp\/v2\/media?parent=405039"}],"wp:term":[{"taxonomy":"product_brand","embeddable":true,"href":"https:\/\/grupotextil.es\/en\/wp-json\/wp\/v2\/product_brand?post=405039"},{"taxonomy":"product_cat","embeddable":true,"href":"https:\/\/grupotextil.es\/en\/wp-json\/wp\/v2\/product_cat?post=405039"},{"taxonomy":"product_tag","embeddable":true,"href":"https:\/\/grupotextil.es\/en\/wp-json\/wp\/v2\/product_tag?post=405039"}],"curies":[{"name":"wp","href":"https:\/\/api.w.org\/{rel}","templated":true}]}}