{"id":405079,"date":"2026-03-08T05:48:17","date_gmt":"2026-03-08T04:48:17","guid":{"rendered":"https:\/\/grupotextil.es\/producto\/bolsa-de-entrenamiento-mediana\/"},"modified":"2026-03-08T05:48:17","modified_gmt":"2026-03-08T04:48:17","slug":"bolsa-de-entrenamiento-mediana","status":"publish","type":"product","link":"https:\/\/grupotextil.es\/en\/product\/bolsa-de-entrenamiento-mediana\/","title":{"rendered":"Bag de entrenamiento mediana"},"content":{"rendered":"<ul>\n<li>100% Poli\u00e9ster (Reciclado, 600D)<\/li>\n<li>Empu\u00f1adura acolchada<\/li>\n<li>Correa de hombro ajustable y desmontable<\/li>\n<li>Compartimento principal con apertura con cremallera de 2 v\u00edas para f\u00e1cil acceso<\/li>\n<li>T\u00fanel para zapatos<\/li>\n<li>Bolsillo frontal con cremallera y bolsillo externo de malla<\/li>\n<li>Bolsillo interno de malla<\/li>\n<li>Panel base recubierto de PU<\/li>\n<li>Etiqueta extra\u00edble para facilitar el cambio de marca<\/li>\n<li>Capacidad: 32 Litros<\/li>\n<li>Dimensiones: 50x25x26cm<\/li>\n<li>M\u00e1x. bordado: aro de 12 tubulares (delantero), aro de 21 tubulares (superior)<\/li>\n<li>M\u00e1x. \u00e1rea de impresi\u00f3n: 15x11cm (frontal), 30x20cm (superior).<\/li>\n<\/ul>","protected":false},"excerpt":{"rendered":"<p>100% Poli\u00e9ster (Reciclado, 600D)Empu\u00f1adura acolchadaCorrea de hombro ajustable y desmontableCompartimento principal con apertura con cremallera de 2 v\u00edas para f\u00e1cil accesoT\u00fanel para zapatosBolsillo&#8230;<\/p>","protected":false},"featured_media":430065,"comment_status":"open","ping_status":"closed","template":"","meta":{"_acf_changed":false},"product_brand":[11668],"product_cat":[13954,13950,13974,13932,13930,13975,13973],"product_tag":[],"class_list":{"0":"post-405079","1":"product","2":"type-product","3":"status-publish","4":"has-post-thumbnail","6":"product_brand-bag-base","7":"product_cat-acc-bolsas-y-mochilas","8":"product_cat-gorros-y-beanies","9":"product_cat-ropa-hombre","10":"product_cat-hosteleria-horeca","11":"product_cat-laboral","12":"product_cat-ropa-mujer","13":"product_cat-ropa","14":"tm-no-options","16":"first","17":"instock","18":"taxable","19":"shipping-taxable","20":"product-type-variable"},"acf":[],"_links":{"self":[{"href":"https:\/\/grupotextil.es\/en\/wp-json\/wp\/v2\/product\/405079","targetHints":{"allow":["GET"]}}],"collection":[{"href":"https:\/\/grupotextil.es\/en\/wp-json\/wp\/v2\/product"}],"about":[{"href":"https:\/\/grupotextil.es\/en\/wp-json\/wp\/v2\/types\/product"}],"replies":[{"embeddable":true,"href":"https:\/\/grupotextil.es\/en\/wp-json\/wp\/v2\/comments?post=405079"}],"wp:featuredmedia":[{"embeddable":true,"href":"https:\/\/grupotextil.es\/en\/wp-json\/wp\/v2\/media\/430065"}],"wp:attachment":[{"href":"https:\/\/grupotextil.es\/en\/wp-json\/wp\/v2\/media?parent=405079"}],"wp:term":[{"taxonomy":"product_brand","embeddable":true,"href":"https:\/\/grupotextil.es\/en\/wp-json\/wp\/v2\/product_brand?post=405079"},{"taxonomy":"product_cat","embeddable":true,"href":"https:\/\/grupotextil.es\/en\/wp-json\/wp\/v2\/product_cat?post=405079"},{"taxonomy":"product_tag","embeddable":true,"href":"https:\/\/grupotextil.es\/en\/wp-json\/wp\/v2\/product_tag?post=405079"}],"curies":[{"name":"wp","href":"https:\/\/api.w.org\/{rel}","templated":true}]}}