{"id":405115,"date":"2026-03-08T05:48:19","date_gmt":"2026-03-08T04:48:19","guid":{"rendered":"https:\/\/grupotextil.es\/producto\/bolsa-de-terciopelo-para-accesorios\/"},"modified":"2026-03-08T05:48:19","modified_gmt":"2026-03-08T04:48:19","slug":"bolsa-de-terciopelo-para-accesorios","status":"publish","type":"product","link":"https:\/\/grupotextil.es\/en\/product\/bolsa-de-terciopelo-para-accesorios\/","title":{"rendered":"Bag de Velvet para accesorios"},"content":{"rendered":"<ul>\n<li>100% Poli\u00e9ster, reciclado (Terciopelo)<\/li>\n<li>Forro: 100% Poli\u00e9ster, reciclado<\/li>\n<li>Multiusos<\/li>\n<li>Cremallera de metal dorado de alto brillo.<\/li>\n<li>Forro con acceso mediante cremallera oculta para decoraci\u00f3n.<\/li>\n<li>Etiqueta extra\u00edble para facilitar el cambio de marca<\/li>\n<li>Dimensiones en cm: 21&#215;15 (S), 23&#215;24 (L)<\/li>\n<li>M\u00e1x. bordado con aro tubular: 12 (S), 18 (L)<\/li>\n<li>M\u00e1x. \u00e1rea de impresi\u00f3n en cm: 16&#215;10 (S), 23&#215;16 (L)<\/li>\n<\/ul>","protected":false},"excerpt":{"rendered":"<p>100% Poli\u00e9ster, reciclado (Terciopelo)Forro: 100% Poli\u00e9ster, recicladoMultiusosCremallera de metal dorado de alto brillo.Forro con acceso mediante cremallera oculta para decoraci\u00f3n.Etiqueta extra\u00edb&#8230;<\/p>","protected":false},"featured_media":430096,"comment_status":"open","ping_status":"closed","template":"","meta":{"_acf_changed":false},"product_brand":[11668],"product_cat":[13954,13950,13974,13932,13930,13975,13973],"product_tag":[],"class_list":{"0":"post-405115","1":"product","2":"type-product","3":"status-publish","4":"has-post-thumbnail","6":"product_brand-bag-base","7":"product_cat-acc-bolsas-y-mochilas","8":"product_cat-gorros-y-beanies","9":"product_cat-ropa-hombre","10":"product_cat-hosteleria-horeca","11":"product_cat-laboral","12":"product_cat-ropa-mujer","13":"product_cat-ropa","14":"tm-no-options","16":"first","17":"instock","18":"taxable","19":"shipping-taxable","20":"product-type-variable"},"acf":[],"_links":{"self":[{"href":"https:\/\/grupotextil.es\/en\/wp-json\/wp\/v2\/product\/405115","targetHints":{"allow":["GET"]}}],"collection":[{"href":"https:\/\/grupotextil.es\/en\/wp-json\/wp\/v2\/product"}],"about":[{"href":"https:\/\/grupotextil.es\/en\/wp-json\/wp\/v2\/types\/product"}],"replies":[{"embeddable":true,"href":"https:\/\/grupotextil.es\/en\/wp-json\/wp\/v2\/comments?post=405115"}],"wp:featuredmedia":[{"embeddable":true,"href":"https:\/\/grupotextil.es\/en\/wp-json\/wp\/v2\/media\/430096"}],"wp:attachment":[{"href":"https:\/\/grupotextil.es\/en\/wp-json\/wp\/v2\/media?parent=405115"}],"wp:term":[{"taxonomy":"product_brand","embeddable":true,"href":"https:\/\/grupotextil.es\/en\/wp-json\/wp\/v2\/product_brand?post=405115"},{"taxonomy":"product_cat","embeddable":true,"href":"https:\/\/grupotextil.es\/en\/wp-json\/wp\/v2\/product_cat?post=405115"},{"taxonomy":"product_tag","embeddable":true,"href":"https:\/\/grupotextil.es\/en\/wp-json\/wp\/v2\/product_tag?post=405115"}],"curies":[{"name":"wp","href":"https:\/\/api.w.org\/{rel}","templated":true}]}}