{"id":405126,"date":"2026-03-08T05:48:20","date_gmt":"2026-03-08T04:48:20","guid":{"rendered":"https:\/\/grupotextil.es\/producto\/camisa-de-chef-manga-larga-shirt-basic\/"},"modified":"2026-03-08T05:48:20","modified_gmt":"2026-03-08T04:48:20","slug":"camisa-de-chef-manga-larga-shirt-basic","status":"publish","type":"product","link":"https:\/\/grupotextil.es\/en\/product\/camisa-de-chef-manga-larga-shirt-basic\/","title":{"rendered":"Shirt Chef Long Sleeve Shirt Basic"},"content":{"rendered":"<ul>\n<li>200 g\/m\u00b2<\/li>\n<li>Parte frontal: 65% poli\u00e9ster, 35% algod\u00f3n (sarga)<\/li>\n<li>Parte trasera: 100% poli\u00e9ster (jersey)<\/li>\n<li>Moderna camisa de cocina de manga larga<\/li>\n<li>Parte trasera transpirable y reguladora de la humedad.<\/li>\n<li>Tapeta oculta con botones<\/li>\n<li>Apertura de los botones que aumenta la circunferencia de la camisa<\/li>\n<li>Lado izquierdo del pecho con bolsillo de ribete<\/li>\n<li>Mangas angulares con hendidura para doblar hacia atr\u00e1s<\/li>\n<li>Manga corta izquierda con bolsillo de ribete<\/li>\n<li>Lavable hasta 60 \u00b0 C<\/li>\n<li>Corte recto<\/li>\n<\/ul>","protected":false},"excerpt":{"rendered":"<p>200 g\/m\u00b2Parte frontal: 65% poli\u00e9ster, 35% algod\u00f3n (sarga)Parte trasera: 100% poli\u00e9ster (jersey)Moderna camisa de cocina de manga largaParte trasera transpirable y reguladora de la humedad.<\/p>","protected":false},"featured_media":430104,"comment_status":"open","ping_status":"closed","template":"","meta":{"_acf_changed":false},"product_brand":[11673],"product_cat":[13954,13950,13974,13932,13930,13975,13973],"product_tag":[],"class_list":{"0":"post-405126","1":"product","2":"type-product","3":"status-publish","4":"has-post-thumbnail","6":"product_brand-karlowsky","7":"product_cat-acc-bolsas-y-mochilas","8":"product_cat-gorros-y-beanies","9":"product_cat-ropa-hombre","10":"product_cat-hosteleria-horeca","11":"product_cat-laboral","12":"product_cat-ropa-mujer","13":"product_cat-ropa","14":"tm-no-options","16":"first","17":"instock","18":"taxable","19":"shipping-taxable","20":"product-type-variable"},"acf":[],"_links":{"self":[{"href":"https:\/\/grupotextil.es\/en\/wp-json\/wp\/v2\/product\/405126","targetHints":{"allow":["GET"]}}],"collection":[{"href":"https:\/\/grupotextil.es\/en\/wp-json\/wp\/v2\/product"}],"about":[{"href":"https:\/\/grupotextil.es\/en\/wp-json\/wp\/v2\/types\/product"}],"replies":[{"embeddable":true,"href":"https:\/\/grupotextil.es\/en\/wp-json\/wp\/v2\/comments?post=405126"}],"wp:featuredmedia":[{"embeddable":true,"href":"https:\/\/grupotextil.es\/en\/wp-json\/wp\/v2\/media\/430104"}],"wp:attachment":[{"href":"https:\/\/grupotextil.es\/en\/wp-json\/wp\/v2\/media?parent=405126"}],"wp:term":[{"taxonomy":"product_brand","embeddable":true,"href":"https:\/\/grupotextil.es\/en\/wp-json\/wp\/v2\/product_brand?post=405126"},{"taxonomy":"product_cat","embeddable":true,"href":"https:\/\/grupotextil.es\/en\/wp-json\/wp\/v2\/product_cat?post=405126"},{"taxonomy":"product_tag","embeddable":true,"href":"https:\/\/grupotextil.es\/en\/wp-json\/wp\/v2\/product_tag?post=405126"}],"curies":[{"name":"wp","href":"https:\/\/api.w.org\/{rel}","templated":true}]}}