{"id":454606,"date":"2026-03-13T06:54:27","date_gmt":"2026-03-13T05:54:27","guid":{"rendered":"https:\/\/grupotextil.es\/producto\/celtic-2\/"},"modified":"2026-03-13T06:54:27","modified_gmt":"2026-03-13T05:54:27","slug":"celtic-2","status":"publish","type":"product","link":"https:\/\/grupotextil.es\/en\/product\/celtic-2\/","title":{"rendered":"Celtic"},"content":{"rendered":"<p><strong>Camiseta de rayas horizontales de f&uacute;tbol para hombre con cuello de pico<\/strong>. Disponible en 7 colores y desde la talla S hasta la talla XXL. (Para tallas m&aacute;s peque&ntilde;as, consultar en la camiseta de ni&ntilde;o REF: CELTICTSK ).<\/p>\n<p>Caracter&iacute;sticas:<\/p>\n<ul>\n<li>Cuello de pico.<\/li>\n<li>140 g\/m&sup2;<\/li>\n<li>100% Poli&eacute;ster<\/li>\n<li>Etiqueta impresa en el cuello<\/li>\n<\/ul>","protected":false},"excerpt":{"rendered":"<p>Camiseta de rayas horizontales de f\u00fatbol para hombre con cuello de pico. Disponible en 7 colores y desde la talla S hasta la talla XXL. (Para tallas m\u00e1s peque\u00f1as, consultar en la camiseta de ni\u00f1o REF: CELTICTSK ).Caracter\u00edsticas:Cuello de pico.140 g\/m\u00b2100% Poli\u00e9sterEtiqueta impresa en el cuel<\/p>","protected":false},"featured_media":454607,"comment_status":"open","ping_status":"closed","template":"","meta":{"_acf_changed":false},"product_brand":[],"product_cat":[13939,13973],"product_tag":[],"class_list":{"0":"post-454606","1":"product","2":"type-product","3":"status-publish","4":"has-post-thumbnail","6":"product_cat-deportivo","7":"product_cat-ropa","8":"tm-no-options","10":"first","11":"instock","12":"taxable","13":"shipping-taxable","14":"product-type-variable"},"acf":[],"_links":{"self":[{"href":"https:\/\/grupotextil.es\/en\/wp-json\/wp\/v2\/product\/454606","targetHints":{"allow":["GET"]}}],"collection":[{"href":"https:\/\/grupotextil.es\/en\/wp-json\/wp\/v2\/product"}],"about":[{"href":"https:\/\/grupotextil.es\/en\/wp-json\/wp\/v2\/types\/product"}],"replies":[{"embeddable":true,"href":"https:\/\/grupotextil.es\/en\/wp-json\/wp\/v2\/comments?post=454606"}],"wp:featuredmedia":[{"embeddable":true,"href":"https:\/\/grupotextil.es\/en\/wp-json\/wp\/v2\/media\/454607"}],"wp:attachment":[{"href":"https:\/\/grupotextil.es\/en\/wp-json\/wp\/v2\/media?parent=454606"}],"wp:term":[{"taxonomy":"product_brand","embeddable":true,"href":"https:\/\/grupotextil.es\/en\/wp-json\/wp\/v2\/product_brand?post=454606"},{"taxonomy":"product_cat","embeddable":true,"href":"https:\/\/grupotextil.es\/en\/wp-json\/wp\/v2\/product_cat?post=454606"},{"taxonomy":"product_tag","embeddable":true,"href":"https:\/\/grupotextil.es\/en\/wp-json\/wp\/v2\/product_tag?post=454606"}],"curies":[{"name":"wp","href":"https:\/\/api.w.org\/{rel}","templated":true}]}}