{"id":454810,"date":"2026-03-13T06:55:43","date_gmt":"2026-03-13T05:55:43","guid":{"rendered":"https:\/\/grupotextil.es\/producto\/elite\/"},"modified":"2026-03-13T06:55:43","modified_gmt":"2026-03-13T05:55:43","slug":"elite","status":"publish","type":"product","link":"https:\/\/grupotextil.es\/en\/product\/elite\/","title":{"rendered":"Elite"},"content":{"rendered":"<p><strong>Pantal&oacute;n de f&uacute;tbol de hombre con cintura el&aacute;stica y cord&oacute;n ajustable<\/strong>. Disponible en 6 colores desde la talla S hasta la XXL. Para tallas m&aacute;s peque&ntilde;as consultar el pantal&oacute;n de ni&ntilde;o REF: ELITESHK.<\/p>\n<p>Caracter&iacute;sticas:<\/p>\n<ul>\n<li>Pantal&oacute;n de adulto y ni&ntilde;o.<\/li>\n<li>Cintura el&aacute;stica con cord&oacute;n ajustable a tono.<\/li>\n<li>140 g\/m&sup2; aprox.<\/li>\n<li>100% Poli&eacute;ster<\/li>\n<\/ul>","protected":false},"excerpt":{"rendered":"<p>Pantal\u00f3n de f\u00fatbol de hombre con cintura el\u00e1stica y cord\u00f3n ajustable. Disponible en 6 colores desde la talla S hasta la XXL. Para tallas m\u00e1s peque\u00f1as consultar el pantal\u00f3n de ni\u00f1o REF: ELITESHK.Caracter\u00edsticas:Pantal\u00f3n de adulto y ni\u00f1o.Cintura el\u00e1stica con cord\u00f3n ajustable a tono.140 g\/<\/p>","protected":false},"featured_media":454811,"comment_status":"open","ping_status":"closed","template":"","meta":{"_acf_changed":false},"product_brand":[],"product_cat":[13974,13973],"product_tag":[],"class_list":{"0":"post-454810","1":"product","2":"type-product","3":"status-publish","4":"has-post-thumbnail","6":"product_cat-ropa-hombre","7":"product_cat-ropa","8":"tm-no-options","10":"first","11":"instock","12":"taxable","13":"shipping-taxable","14":"product-type-variable"},"acf":[],"_links":{"self":[{"href":"https:\/\/grupotextil.es\/en\/wp-json\/wp\/v2\/product\/454810","targetHints":{"allow":["GET"]}}],"collection":[{"href":"https:\/\/grupotextil.es\/en\/wp-json\/wp\/v2\/product"}],"about":[{"href":"https:\/\/grupotextil.es\/en\/wp-json\/wp\/v2\/types\/product"}],"replies":[{"embeddable":true,"href":"https:\/\/grupotextil.es\/en\/wp-json\/wp\/v2\/comments?post=454810"}],"wp:featuredmedia":[{"embeddable":true,"href":"https:\/\/grupotextil.es\/en\/wp-json\/wp\/v2\/media\/454811"}],"wp:attachment":[{"href":"https:\/\/grupotextil.es\/en\/wp-json\/wp\/v2\/media?parent=454810"}],"wp:term":[{"taxonomy":"product_brand","embeddable":true,"href":"https:\/\/grupotextil.es\/en\/wp-json\/wp\/v2\/product_brand?post=454810"},{"taxonomy":"product_cat","embeddable":true,"href":"https:\/\/grupotextil.es\/en\/wp-json\/wp\/v2\/product_cat?post=454810"},{"taxonomy":"product_tag","embeddable":true,"href":"https:\/\/grupotextil.es\/en\/wp-json\/wp\/v2\/product_tag?post=454810"}],"curies":[{"name":"wp","href":"https:\/\/api.w.org\/{rel}","templated":true}]}}