{"id":454842,"date":"2026-03-13T06:55:54","date_gmt":"2026-03-13T05:55:54","guid":{"rendered":"https:\/\/grupotextil.es\/producto\/kid-elite\/"},"modified":"2026-03-13T06:55:54","modified_gmt":"2026-03-13T05:55:54","slug":"kid-elite","status":"publish","type":"product","link":"https:\/\/grupotextil.es\/en\/product\/kid-elite\/","title":{"rendered":"Kid Elite"},"content":{"rendered":"<p>Pantal&oacute;n de f&uacute;tbol de ni&ntilde;o con cintura el&aacute;stica y cord&oacute;n ajustable. Disponible en 6 colores desde la talla 5\/6 a&ntilde;os hasta la S. Para tallas m&aacute;s grandes consultar el pantal&oacute;n de hombre REF: ELITESHA.<\/p>","protected":false},"excerpt":{"rendered":"<p>Pantal\u00f3n de f\u00fatbol de ni\u00f1o con cintura el\u00e1stica y cord\u00f3n ajustable. Disponible en 6 colores desde la talla 5\/6 a\u00f1os hasta la S. Para tallas m\u00e1s grandes consultar el pantal\u00f3n de hombre REF: ELITESHA.<\/p>","protected":false},"featured_media":454843,"comment_status":"open","ping_status":"closed","template":"","meta":{"_acf_changed":false},"product_brand":[],"product_cat":[13974,13973],"product_tag":[],"class_list":{"0":"post-454842","1":"product","2":"type-product","3":"status-publish","4":"has-post-thumbnail","6":"product_cat-ropa-hombre","7":"product_cat-ropa","8":"tm-no-options","10":"first","11":"instock","12":"taxable","13":"shipping-taxable","14":"product-type-variable"},"acf":[],"_links":{"self":[{"href":"https:\/\/grupotextil.es\/en\/wp-json\/wp\/v2\/product\/454842","targetHints":{"allow":["GET"]}}],"collection":[{"href":"https:\/\/grupotextil.es\/en\/wp-json\/wp\/v2\/product"}],"about":[{"href":"https:\/\/grupotextil.es\/en\/wp-json\/wp\/v2\/types\/product"}],"replies":[{"embeddable":true,"href":"https:\/\/grupotextil.es\/en\/wp-json\/wp\/v2\/comments?post=454842"}],"wp:featuredmedia":[{"embeddable":true,"href":"https:\/\/grupotextil.es\/en\/wp-json\/wp\/v2\/media\/454843"}],"wp:attachment":[{"href":"https:\/\/grupotextil.es\/en\/wp-json\/wp\/v2\/media?parent=454842"}],"wp:term":[{"taxonomy":"product_brand","embeddable":true,"href":"https:\/\/grupotextil.es\/en\/wp-json\/wp\/v2\/product_brand?post=454842"},{"taxonomy":"product_cat","embeddable":true,"href":"https:\/\/grupotextil.es\/en\/wp-json\/wp\/v2\/product_cat?post=454842"},{"taxonomy":"product_tag","embeddable":true,"href":"https:\/\/grupotextil.es\/en\/wp-json\/wp\/v2\/product_tag?post=454842"}],"curies":[{"name":"wp","href":"https:\/\/api.w.org\/{rel}","templated":true}]}}