{"id":454880,"date":"2026-03-13T06:56:05","date_gmt":"2026-03-13T05:56:05","guid":{"rendered":"https:\/\/grupotextil.es\/producto\/elite-socks\/"},"modified":"2026-03-13T06:56:05","modified_gmt":"2026-03-13T05:56:05","slug":"elite-socks","status":"publish","type":"product","link":"https:\/\/grupotextil.es\/en\/product\/elite-socks\/","title":{"rendered":"Elite Socks"},"content":{"rendered":"<p><strong>Medias de f&uacute;tbol para adulto y ni&ntilde;o<\/strong>. Disponible en 7 colores y desde la talla del pie 34 a la 42. Logo de JHK en un lateral.<\/p>\n<p>Caracter&iacute;sticas:<\/p>\n<ul>\n<li>Calcetines de adulto y ni&ntilde;o.<\/li>\n<li>Logo JHK en un lateral.<\/li>\n<li>97% Poli&eacute;ster \/ 3% Spandex<\/li>\n<\/ul>","protected":false},"excerpt":{"rendered":"<p>Medias de f\u00fatbol para adulto y ni\u00f1o. Disponible en 7 colores y desde la talla del pie 34 a la 42. Logo de JHK en un lateral.Caracter\u00edsticas:Calcetines de adulto y ni\u00f1o.Logo JHK en un lateral.97% Poli\u00e9ster \/ 3% Spandex<\/p>","protected":false},"featured_media":454881,"comment_status":"open","ping_status":"closed","template":"","meta":{"_acf_changed":false},"product_brand":[],"product_cat":[13974,13973],"product_tag":[],"class_list":{"0":"post-454880","1":"product","2":"type-product","3":"status-publish","4":"has-post-thumbnail","6":"product_cat-ropa-hombre","7":"product_cat-ropa","8":"tm-no-options","10":"first","11":"instock","12":"taxable","13":"shipping-taxable","14":"product-type-variable"},"acf":[],"_links":{"self":[{"href":"https:\/\/grupotextil.es\/en\/wp-json\/wp\/v2\/product\/454880","targetHints":{"allow":["GET"]}}],"collection":[{"href":"https:\/\/grupotextil.es\/en\/wp-json\/wp\/v2\/product"}],"about":[{"href":"https:\/\/grupotextil.es\/en\/wp-json\/wp\/v2\/types\/product"}],"replies":[{"embeddable":true,"href":"https:\/\/grupotextil.es\/en\/wp-json\/wp\/v2\/comments?post=454880"}],"wp:featuredmedia":[{"embeddable":true,"href":"https:\/\/grupotextil.es\/en\/wp-json\/wp\/v2\/media\/454881"}],"wp:attachment":[{"href":"https:\/\/grupotextil.es\/en\/wp-json\/wp\/v2\/media?parent=454880"}],"wp:term":[{"taxonomy":"product_brand","embeddable":true,"href":"https:\/\/grupotextil.es\/en\/wp-json\/wp\/v2\/product_brand?post=454880"},{"taxonomy":"product_cat","embeddable":true,"href":"https:\/\/grupotextil.es\/en\/wp-json\/wp\/v2\/product_cat?post=454880"},{"taxonomy":"product_tag","embeddable":true,"href":"https:\/\/grupotextil.es\/en\/wp-json\/wp\/v2\/product_tag?post=454880"}],"curies":[{"name":"wp","href":"https:\/\/api.w.org\/{rel}","templated":true}]}}