{"id":456507,"date":"2026-03-13T07:02:40","date_gmt":"2026-03-13T06:02:40","guid":{"rendered":"https:\/\/grupotextil.es\/producto\/jt-kangaroo\/"},"modified":"2026-03-13T07:02:40","modified_gmt":"2026-03-13T06:02:40","slug":"jt-kangaroo","status":"publish","type":"product","link":"https:\/\/grupotextil.es\/en\/product\/jt-kangaroo\/","title":{"rendered":"JT Kangaroo"},"content":{"rendered":"<p>Sudadera unisex. Cord&oacute;n de ajuste a tono con el cuerpo. Mismo tejido de la prenda en pu&ntilde;os y bajo. Disponible en 21 colores, desde la talla XS hasta la 3XL.<br \/>Bolsillo canguro.<br \/>COMPOSICI&Oacute;N: 60% Algod&oacute;n \/ 40% Poli&eacute;ster.<br \/>GM: 61% Algod&oacute;n \/ 31% Poli&eacute;ster \/ 8% Viscosa.<br \/>GRAMAJE: 260 &#8211; 265 g\/m&sup2; aprox.<\/p>","protected":false},"excerpt":{"rendered":"<p>Sudadera unisex. Cord\u00f3n de ajuste a tono con el cuerpo. Mismo tejido de la prenda en pu\u00f1os y bajo. Disponible en 21 colores, desde la talla XS hasta la 3XL.Bolsillo canguro.COMPOSICI\u00d3N: 60% Algod\u00f3n \/ 40% Poli\u00e9ster.GM: 61% Algod\u00f3n \/ 31% Poli\u00e9ster \/ 8% Viscosa.GRAMAJE: 260 &#8211; 265 g\/m\u00b2 aprox.<\/p>","protected":false},"featured_media":456508,"comment_status":"open","ping_status":"closed","template":"","meta":{"_acf_changed":false},"product_brand":[],"product_cat":[13974,13973],"product_tag":[],"class_list":{"0":"post-456507","1":"product","2":"type-product","3":"status-publish","4":"has-post-thumbnail","6":"product_cat-ropa-hombre","7":"product_cat-ropa","8":"tm-no-options","10":"first","11":"instock","12":"taxable","13":"shipping-taxable","14":"product-type-variable"},"acf":[],"_links":{"self":[{"href":"https:\/\/grupotextil.es\/en\/wp-json\/wp\/v2\/product\/456507","targetHints":{"allow":["GET"]}}],"collection":[{"href":"https:\/\/grupotextil.es\/en\/wp-json\/wp\/v2\/product"}],"about":[{"href":"https:\/\/grupotextil.es\/en\/wp-json\/wp\/v2\/types\/product"}],"replies":[{"embeddable":true,"href":"https:\/\/grupotextil.es\/en\/wp-json\/wp\/v2\/comments?post=456507"}],"wp:featuredmedia":[{"embeddable":true,"href":"https:\/\/grupotextil.es\/en\/wp-json\/wp\/v2\/media\/456508"}],"wp:attachment":[{"href":"https:\/\/grupotextil.es\/en\/wp-json\/wp\/v2\/media?parent=456507"}],"wp:term":[{"taxonomy":"product_brand","embeddable":true,"href":"https:\/\/grupotextil.es\/en\/wp-json\/wp\/v2\/product_brand?post=456507"},{"taxonomy":"product_cat","embeddable":true,"href":"https:\/\/grupotextil.es\/en\/wp-json\/wp\/v2\/product_cat?post=456507"},{"taxonomy":"product_tag","embeddable":true,"href":"https:\/\/grupotextil.es\/en\/wp-json\/wp\/v2\/product_tag?post=456507"}],"curies":[{"name":"wp","href":"https:\/\/api.w.org\/{rel}","templated":true}]}}