{"id":456735,"date":"2026-03-13T07:03:38","date_gmt":"2026-03-13T06:03:38","guid":{"rendered":"https:\/\/grupotextil.es\/producto\/kid-liga\/"},"modified":"2026-03-13T07:03:38","modified_gmt":"2026-03-13T06:03:38","slug":"kid-liga","status":"publish","type":"product","link":"https:\/\/grupotextil.es\/en\/product\/kid-liga\/","title":{"rendered":"Kid Liga"},"content":{"rendered":"<p><strong>Camiseta lisa de f&uacute;tbol para ni&ntilde;o<\/strong>. Combinaci&oacute;n de tejido interlock con tejido de rejilla y fald&oacute;n trasero. Disponible en 5 colores y desde la talla 5\/6 a&ntilde;os hasta la talla S. (Tallas m&aacute;s grandes consultar en la camiseta de hombre REF: LIGATSA.<\/p>\n<p>Details:<\/p>\n<ul>\n<li>Combinaci&oacute;n de tejido interlock y rejilla.<\/li>\n<li>Espalda m&aacute;s larga y redondeada.<\/li>\n<li>140 g\/m&sup2;<\/li>\n<li>100% Poli&eacute;ster<\/li>\n<li>Etiqueta impresa en el cuello<\/li>\n<\/ul>","protected":false},"excerpt":{"rendered":"<p>Camiseta lisa de f\u00fatbol para ni\u00f1o. Combinaci\u00f3n de tejido interlock con tejido de rejilla y fald\u00f3n trasero. Disponible en 5 colores y desde la talla 5\/6 a\u00f1os hasta la talla S. (Tallas m\u00e1s grandes consultar en la camiseta de hombre REF: LIGATSA.Details:Combinaci\u00f3n de tejido interlock y rejilla.<\/p>","protected":false},"featured_media":456736,"comment_status":"open","ping_status":"closed","template":"","meta":{"_acf_changed":false},"product_brand":[],"product_cat":[13976,13973],"product_tag":[],"class_list":{"0":"post-456735","1":"product","2":"type-product","3":"status-publish","4":"has-post-thumbnail","6":"product_cat-ropa-nino","7":"product_cat-ropa","8":"tm-no-options","10":"first","11":"instock","12":"taxable","13":"shipping-taxable","14":"product-type-variable"},"acf":[],"_links":{"self":[{"href":"https:\/\/grupotextil.es\/en\/wp-json\/wp\/v2\/product\/456735","targetHints":{"allow":["GET"]}}],"collection":[{"href":"https:\/\/grupotextil.es\/en\/wp-json\/wp\/v2\/product"}],"about":[{"href":"https:\/\/grupotextil.es\/en\/wp-json\/wp\/v2\/types\/product"}],"replies":[{"embeddable":true,"href":"https:\/\/grupotextil.es\/en\/wp-json\/wp\/v2\/comments?post=456735"}],"wp:featuredmedia":[{"embeddable":true,"href":"https:\/\/grupotextil.es\/en\/wp-json\/wp\/v2\/media\/456736"}],"wp:attachment":[{"href":"https:\/\/grupotextil.es\/en\/wp-json\/wp\/v2\/media?parent=456735"}],"wp:term":[{"taxonomy":"product_brand","embeddable":true,"href":"https:\/\/grupotextil.es\/en\/wp-json\/wp\/v2\/product_brand?post=456735"},{"taxonomy":"product_cat","embeddable":true,"href":"https:\/\/grupotextil.es\/en\/wp-json\/wp\/v2\/product_cat?post=456735"},{"taxonomy":"product_tag","embeddable":true,"href":"https:\/\/grupotextil.es\/en\/wp-json\/wp\/v2\/product_tag?post=456735"}],"curies":[{"name":"wp","href":"https:\/\/api.w.org\/{rel}","templated":true}]}}