{"id":457134,"date":"2026-03-13T07:05:28","date_gmt":"2026-03-13T06:05:28","guid":{"rendered":"https:\/\/grupotextil.es\/producto\/polo-ls-kid\/"},"modified":"2026-03-13T07:05:28","modified_gmt":"2026-03-13T06:05:28","slug":"polo-ls-kid","status":"publish","type":"product","link":"https:\/\/grupotextil.es\/en\/product\/polo-ls-kid\/","title":{"rendered":"Polo LS Kid"},"content":{"rendered":"<p><strong>Polo piqu&eacute; infantil unisex de manga larga, unisex, ideal para bordar. 100% algod&oacute;n peinado preencogido.<\/strong>&nbsp;Etiqueta TearAway. Disponible en 9 colores y desde la talla 1\/2 hasta la 12\/14 a&ntilde;os.<\/p>\n<p>Caracter&iacute;sticas:<\/p>\n<ul>\n<li>Tejido piqu&eacute;.<\/li>\n<li>Tapeta con dos botones.<\/li>\n<li>Cuello con canal&eacute; 1&#215;1.<\/li>\n<li>Aberturas laterales.<\/li>\n<li>Etiqueta removible<\/li>\n<li>Botones a tono.<\/li>\n<\/ul>\n<p>&nbsp;<\/p>","protected":false},"excerpt":{"rendered":"<p>Polo piqu\u00e9 infantil unisex de manga larga, unisex, ideal para bordar. 100% algod\u00f3n peinado preencogido.\u00a0Etiqueta TearAway. Disponible en 9 colores y desde la talla 1\/2 hasta la 12\/14 a\u00f1os.Caracter\u00edsticas:Tejido piqu\u00e9.Tapeta con dos botones.Cuello con canal\u00e9 1&#215;1.Aberturas laterales.Etiqueta re<\/p>","protected":false},"featured_media":457135,"comment_status":"open","ping_status":"closed","template":"","meta":{"_acf_changed":false},"product_brand":[],"product_cat":[13981,13990,13974,13975,13973],"product_tag":[],"class_list":{"0":"post-457134","1":"product","2":"type-product","3":"status-publish","4":"has-post-thumbnail","6":"product_cat-h-chaquetas-y-abrigos","7":"product_cat-m-chaquetas-y-abrigos","8":"product_cat-ropa-hombre","9":"product_cat-ropa-mujer","10":"product_cat-ropa","11":"tm-no-options","13":"first","14":"instock","15":"taxable","16":"shipping-taxable","17":"product-type-variable"},"acf":[],"_links":{"self":[{"href":"https:\/\/grupotextil.es\/en\/wp-json\/wp\/v2\/product\/457134","targetHints":{"allow":["GET"]}}],"collection":[{"href":"https:\/\/grupotextil.es\/en\/wp-json\/wp\/v2\/product"}],"about":[{"href":"https:\/\/grupotextil.es\/en\/wp-json\/wp\/v2\/types\/product"}],"replies":[{"embeddable":true,"href":"https:\/\/grupotextil.es\/en\/wp-json\/wp\/v2\/comments?post=457134"}],"wp:featuredmedia":[{"embeddable":true,"href":"https:\/\/grupotextil.es\/en\/wp-json\/wp\/v2\/media\/457135"}],"wp:attachment":[{"href":"https:\/\/grupotextil.es\/en\/wp-json\/wp\/v2\/media?parent=457134"}],"wp:term":[{"taxonomy":"product_brand","embeddable":true,"href":"https:\/\/grupotextil.es\/en\/wp-json\/wp\/v2\/product_brand?post=457134"},{"taxonomy":"product_cat","embeddable":true,"href":"https:\/\/grupotextil.es\/en\/wp-json\/wp\/v2\/product_cat?post=457134"},{"taxonomy":"product_tag","embeddable":true,"href":"https:\/\/grupotextil.es\/en\/wp-json\/wp\/v2\/product_tag?post=457134"}],"curies":[{"name":"wp","href":"https:\/\/api.w.org\/{rel}","templated":true}]}}