{"id":457243,"date":"2026-03-13T07:05:55","date_gmt":"2026-03-13T06:05:55","guid":{"rendered":"https:\/\/grupotextil.es\/producto\/ocean-polo\/"},"modified":"2026-03-13T07:05:55","modified_gmt":"2026-03-13T06:05:55","slug":"ocean-polo","status":"publish","type":"product","link":"https:\/\/grupotextil.es\/en\/product\/ocean-polo\/","title":{"rendered":"Ocean Polo"},"content":{"rendered":"<p><strong>Polo piqu&eacute; de manga corta para hombre<\/strong>. Disponible en 10 colores y desde la talla S hasta la XXL. Excelente relaci&oacute;n calidad\/precio. T&eacute;cnicas de personalizaci&oacute;n: Polo para bordar, serigraf&iacute;ar o aplicar transfer textil.<\/p>\n<p>Caracter&iacute;sticas:<\/p>\n<ul>\n<li>Tejido en piqu&eacute;.<\/li>\n<li>Sin pu&ntilde;o en las mangas.<\/li>\n<li>Hombro avanzado.<\/li>\n<li>Tapeta con dos botones.<\/li>\n<li>Cuello en canal&eacute;.<\/li>\n<li>Lavado enzim&aacute;tico.<\/li>\n<li>Sin aberturas laterales.<\/li>\n<li>GM: 85% algod&oacute;n \/ 15% viscosa.<\/li>\n<li>Etiqueta removible<\/li>\n<\/ul>","protected":false},"excerpt":{"rendered":"<p>Polo piqu\u00e9 de manga corta para hombre. Disponible en 10 colores y desde la talla S hasta la XXL. Excelente relaci\u00f3n calidad\/precio. T\u00e9cnicas de personalizaci\u00f3n: Polo para bordar, serigraf\u00edar o aplicar transfer textil.Caracter\u00edsticas:Tejido en piqu\u00e9.Sin pu\u00f1o en las mangas.Hombro avanzado.Tape<\/p>","protected":false},"featured_media":457244,"comment_status":"open","ping_status":"closed","template":"","meta":{"_acf_changed":false},"product_brand":[],"product_cat":[13974,13975,13979,13988,13973],"product_tag":[],"class_list":{"0":"post-457243","1":"product","2":"type-product","3":"status-publish","4":"has-post-thumbnail","6":"product_cat-ropa-hombre","7":"product_cat-ropa-mujer","8":"product_cat-h-polos","9":"product_cat-m-polos","10":"product_cat-ropa","11":"tm-no-options","13":"first","14":"instock","15":"taxable","16":"shipping-taxable","17":"product-type-variable"},"acf":[],"_links":{"self":[{"href":"https:\/\/grupotextil.es\/en\/wp-json\/wp\/v2\/product\/457243","targetHints":{"allow":["GET"]}}],"collection":[{"href":"https:\/\/grupotextil.es\/en\/wp-json\/wp\/v2\/product"}],"about":[{"href":"https:\/\/grupotextil.es\/en\/wp-json\/wp\/v2\/types\/product"}],"replies":[{"embeddable":true,"href":"https:\/\/grupotextil.es\/en\/wp-json\/wp\/v2\/comments?post=457243"}],"wp:featuredmedia":[{"embeddable":true,"href":"https:\/\/grupotextil.es\/en\/wp-json\/wp\/v2\/media\/457244"}],"wp:attachment":[{"href":"https:\/\/grupotextil.es\/en\/wp-json\/wp\/v2\/media?parent=457243"}],"wp:term":[{"taxonomy":"product_brand","embeddable":true,"href":"https:\/\/grupotextil.es\/en\/wp-json\/wp\/v2\/product_brand?post=457243"},{"taxonomy":"product_cat","embeddable":true,"href":"https:\/\/grupotextil.es\/en\/wp-json\/wp\/v2\/product_cat?post=457243"},{"taxonomy":"product_tag","embeddable":true,"href":"https:\/\/grupotextil.es\/en\/wp-json\/wp\/v2\/product_tag?post=457243"}],"curies":[{"name":"wp","href":"https:\/\/api.w.org\/{rel}","templated":true}]}}