{"id":457664,"date":"2026-03-13T07:07:56","date_gmt":"2026-03-13T06:07:56","guid":{"rendered":"https:\/\/grupotextil.es\/producto\/polo-worker-lady\/"},"modified":"2026-03-13T07:07:56","modified_gmt":"2026-03-13T06:07:56","slug":"polo-worker-lady","status":"publish","type":"product","link":"https:\/\/grupotextil.es\/en\/product\/polo-worker-lady\/","title":{"rendered":"Polo Worker Lady"},"content":{"rendered":"<p><strong>Polo piqu&eacute; para mujer de manga corta especial para empresas por su durabilidad y calidad.<\/strong> Disponible en 10 colores. Desde la talla S hasta la 3XL. Etiqueta removible.<\/p>\n<p>Caracter&iacute;sticas:<\/p>\n<ul>\n<li>Tejido piqu&eacute;.<\/li>\n<li>Tapeta con tres botones.<\/li>\n<li>Bocamanga y cuello en canal&eacute;.<\/li>\n<li>Aberturas laterales.<\/li>\n<li>GM &#8211; 85% Algod&oacute;n \/ 15% Viscosa<\/li>\n<li>Etiqueta removible<\/li>\n<\/ul>","protected":false},"excerpt":{"rendered":"<p>Polo piqu\u00e9 para mujer de manga corta especial para empresas por su durabilidad y calidad. Disponible en 10 colores. Desde la talla S hasta la 3XL. Etiqueta removible.Caracter\u00edsticas:Tejido piqu\u00e9.Tapeta con tres botones.Bocamanga y cuello en canal\u00e9.Aberturas laterales.GM &#8211; 85% Algod\u00f3n \/ 15% Visc<\/p>","protected":false},"featured_media":457665,"comment_status":"open","ping_status":"closed","template":"","meta":{"_acf_changed":false},"product_brand":[],"product_cat":[13974,13975,13979,13988,13973],"product_tag":[],"class_list":{"0":"post-457664","1":"product","2":"type-product","3":"status-publish","4":"has-post-thumbnail","6":"product_cat-ropa-hombre","7":"product_cat-ropa-mujer","8":"product_cat-h-polos","9":"product_cat-m-polos","10":"product_cat-ropa","11":"tm-no-options","13":"first","14":"instock","15":"taxable","16":"shipping-taxable","17":"product-type-variable"},"acf":[],"_links":{"self":[{"href":"https:\/\/grupotextil.es\/en\/wp-json\/wp\/v2\/product\/457664","targetHints":{"allow":["GET"]}}],"collection":[{"href":"https:\/\/grupotextil.es\/en\/wp-json\/wp\/v2\/product"}],"about":[{"href":"https:\/\/grupotextil.es\/en\/wp-json\/wp\/v2\/types\/product"}],"replies":[{"embeddable":true,"href":"https:\/\/grupotextil.es\/en\/wp-json\/wp\/v2\/comments?post=457664"}],"wp:featuredmedia":[{"embeddable":true,"href":"https:\/\/grupotextil.es\/en\/wp-json\/wp\/v2\/media\/457665"}],"wp:attachment":[{"href":"https:\/\/grupotextil.es\/en\/wp-json\/wp\/v2\/media?parent=457664"}],"wp:term":[{"taxonomy":"product_brand","embeddable":true,"href":"https:\/\/grupotextil.es\/en\/wp-json\/wp\/v2\/product_brand?post=457664"},{"taxonomy":"product_cat","embeddable":true,"href":"https:\/\/grupotextil.es\/en\/wp-json\/wp\/v2\/product_cat?post=457664"},{"taxonomy":"product_tag","embeddable":true,"href":"https:\/\/grupotextil.es\/en\/wp-json\/wp\/v2\/product_tag?post=457664"}],"curies":[{"name":"wp","href":"https:\/\/api.w.org\/{rel}","templated":true}]}}