{"id":458210,"date":"2026-03-13T07:09:56","date_gmt":"2026-03-13T06:09:56","guid":{"rendered":"https:\/\/grupotextil.es\/producto\/polo-regular-man-king-size\/"},"modified":"2026-03-13T07:09:56","modified_gmt":"2026-03-13T06:09:56","slug":"polo-regular-man-king-size","status":"publish","type":"product","link":"https:\/\/grupotextil.es\/en\/product\/polo-regular-man-king-size\/","title":{"rendered":"Polo Regular Man\/King Size"},"content":{"rendered":"<p>Polo manga corta piqu&eacute;. Tapeta con dos botones. Bocamanga y cuello en canal&eacute;. Aberturas laterales. 100% algod&oacute;n peinado preencogido.<\/p>","protected":false},"excerpt":{"rendered":"<p>Polo manga corta piqu\u00e9. Tapeta con dos botones. Bocamanga y cuello en canal\u00e9. Aberturas laterales. 100% algod\u00f3n peinado preencogido.<\/p>","protected":false},"featured_media":458211,"comment_status":"open","ping_status":"closed","template":"","meta":{"_acf_changed":false},"product_brand":[],"product_cat":[13974,13975,13979,13988,13973],"product_tag":[],"class_list":{"0":"post-458210","1":"product","2":"type-product","3":"status-publish","4":"has-post-thumbnail","6":"product_cat-ropa-hombre","7":"product_cat-ropa-mujer","8":"product_cat-h-polos","9":"product_cat-m-polos","10":"product_cat-ropa","11":"tm-no-options","13":"first","14":"instock","15":"taxable","16":"shipping-taxable","17":"product-type-variable"},"acf":[],"_links":{"self":[{"href":"https:\/\/grupotextil.es\/en\/wp-json\/wp\/v2\/product\/458210","targetHints":{"allow":["GET"]}}],"collection":[{"href":"https:\/\/grupotextil.es\/en\/wp-json\/wp\/v2\/product"}],"about":[{"href":"https:\/\/grupotextil.es\/en\/wp-json\/wp\/v2\/types\/product"}],"replies":[{"embeddable":true,"href":"https:\/\/grupotextil.es\/en\/wp-json\/wp\/v2\/comments?post=458210"}],"wp:featuredmedia":[{"embeddable":true,"href":"https:\/\/grupotextil.es\/en\/wp-json\/wp\/v2\/media\/458211"}],"wp:attachment":[{"href":"https:\/\/grupotextil.es\/en\/wp-json\/wp\/v2\/media?parent=458210"}],"wp:term":[{"taxonomy":"product_brand","embeddable":true,"href":"https:\/\/grupotextil.es\/en\/wp-json\/wp\/v2\/product_brand?post=458210"},{"taxonomy":"product_cat","embeddable":true,"href":"https:\/\/grupotextil.es\/en\/wp-json\/wp\/v2\/product_cat?post=458210"},{"taxonomy":"product_tag","embeddable":true,"href":"https:\/\/grupotextil.es\/en\/wp-json\/wp\/v2\/product_tag?post=458210"}],"curies":[{"name":"wp","href":"https:\/\/api.w.org\/{rel}","templated":true}]}}