{"id":458250,"date":"2026-03-13T07:10:17","date_gmt":"2026-03-13T06:10:17","guid":{"rendered":"https:\/\/grupotextil.es\/producto\/regular-polo-ls-man\/"},"modified":"2026-03-13T07:10:17","modified_gmt":"2026-03-13T06:10:17","slug":"regular-polo-ls-man","status":"publish","type":"product","link":"https:\/\/grupotextil.es\/en\/product\/regular-polo-ls-man\/","title":{"rendered":"Regular Polo LS Man"},"content":{"rendered":"<p><strong>Polo piqu&eacute; para hombre de manga larga con pu&ntilde;os, 100% algod&oacute;n peinado preencogido<\/strong>. Etiqueta removible. Ideal para bordar. Disponible en 17 colores desde la talla XS hasta la 5XL.&nbsp;<\/p>\n<p>Caracter&iacute;sticas:<\/p>\n<ul>\n<li>Tejido piqu&eacute;.<\/li>\n<li>Tapeta con dos botones.<\/li>\n<li>Aberturas laterales.<\/li>\n<li>Espalda m&aacute;s larga.<\/li>\n<li>Botones a tono<\/li>\n<li>XS:WH, GM, BK, RD, RB, NY, BU<\/li>\n<li>Etiqueta removible<\/li>\n<\/ul>\n<p>Composici&oacute;n de colores:<\/p>\n<ul>\n<li>GM &#8211; 85% Algod&oacute;n \/ 15% Viscosa<\/li>\n<\/ul>","protected":false},"excerpt":{"rendered":"<p>Polo piqu\u00e9 para hombre de manga larga con pu\u00f1os, 100% algod\u00f3n peinado preencogido. Etiqueta removible. Ideal para bordar. Disponible en 17 colores desde la talla XS hasta la 5XL.\u00a0Caracter\u00edsticas:Tejido piqu\u00e9.Tapeta con dos botones.Aberturas laterales.Espalda m\u00e1s larga.Botones a tonoXS:WH, GM,<\/p>","protected":false},"featured_media":458251,"comment_status":"open","ping_status":"closed","template":"","meta":{"_acf_changed":false},"product_brand":[],"product_cat":[13974,13975,13979,13988,13973],"product_tag":[],"class_list":{"0":"post-458250","1":"product","2":"type-product","3":"status-publish","4":"has-post-thumbnail","6":"product_cat-ropa-hombre","7":"product_cat-ropa-mujer","8":"product_cat-h-polos","9":"product_cat-m-polos","10":"product_cat-ropa","11":"tm-no-options","13":"first","14":"instock","15":"taxable","16":"shipping-taxable","17":"product-type-variable"},"acf":[],"_links":{"self":[{"href":"https:\/\/grupotextil.es\/en\/wp-json\/wp\/v2\/product\/458250","targetHints":{"allow":["GET"]}}],"collection":[{"href":"https:\/\/grupotextil.es\/en\/wp-json\/wp\/v2\/product"}],"about":[{"href":"https:\/\/grupotextil.es\/en\/wp-json\/wp\/v2\/types\/product"}],"replies":[{"embeddable":true,"href":"https:\/\/grupotextil.es\/en\/wp-json\/wp\/v2\/comments?post=458250"}],"wp:featuredmedia":[{"embeddable":true,"href":"https:\/\/grupotextil.es\/en\/wp-json\/wp\/v2\/media\/458251"}],"wp:attachment":[{"href":"https:\/\/grupotextil.es\/en\/wp-json\/wp\/v2\/media?parent=458250"}],"wp:term":[{"taxonomy":"product_brand","embeddable":true,"href":"https:\/\/grupotextil.es\/en\/wp-json\/wp\/v2\/product_brand?post=458250"},{"taxonomy":"product_cat","embeddable":true,"href":"https:\/\/grupotextil.es\/en\/wp-json\/wp\/v2\/product_cat?post=458250"},{"taxonomy":"product_tag","embeddable":true,"href":"https:\/\/grupotextil.es\/en\/wp-json\/wp\/v2\/product_tag?post=458250"}],"curies":[{"name":"wp","href":"https:\/\/api.w.org\/{rel}","templated":true}]}}