{"id":458627,"date":"2026-03-13T07:11:50","date_gmt":"2026-03-13T06:11:50","guid":{"rendered":"https:\/\/grupotextil.es\/producto\/kid-premier\/"},"modified":"2026-03-13T07:11:50","modified_gmt":"2026-03-13T06:11:50","slug":"kid-premier","status":"publish","type":"product","link":"https:\/\/grupotextil.es\/en\/product\/kid-premier\/","title":{"rendered":"Kid Premier"},"content":{"rendered":"<p><strong>Camiseta de rayas verticales de f&uacute;tbol para ni&ntilde;o con cuello de pico<\/strong>. Disponible en 8 colores y desde la talla 5\/6 a&ntilde;os hasta la talla S. (Para tallas m&aacute;s grandes, consultar en la camiseta de hombre REF: PREMIERTSA ).<\/p>\n<p>Caracter&iacute;sticas:<\/p>\n<ul>\n<li>Cuello de pico.<\/li>\n<li>140 g\/m&sup2;<\/li>\n<li>100% Poli&eacute;ster<\/li>\n<li>Etiqueta impresa en el cuello<\/li>\n<\/ul>","protected":false},"excerpt":{"rendered":"<p>Camiseta de rayas verticales de f\u00fatbol para ni\u00f1o con cuello de pico. Disponible en 8 colores y desde la talla 5\/6 a\u00f1os hasta la talla S. (Para tallas m\u00e1s grandes, consultar en la camiseta de hombre REF: PREMIERTSA ).Caracter\u00edsticas:Cuello de pico.140 g\/m\u00b2100% Poli\u00e9sterEtiqueta impresa en el c<\/p>","protected":false},"featured_media":458628,"comment_status":"open","ping_status":"closed","template":"","meta":{"_acf_changed":false},"product_brand":[],"product_cat":[13974,13975],"product_tag":[],"class_list":{"0":"post-458627","1":"product","2":"type-product","3":"status-publish","4":"has-post-thumbnail","6":"product_cat-ropa-hombre","7":"product_cat-ropa-mujer","8":"tm-no-options","10":"first","11":"instock","12":"taxable","13":"shipping-taxable","14":"product-type-variable"},"acf":[],"_links":{"self":[{"href":"https:\/\/grupotextil.es\/en\/wp-json\/wp\/v2\/product\/458627","targetHints":{"allow":["GET"]}}],"collection":[{"href":"https:\/\/grupotextil.es\/en\/wp-json\/wp\/v2\/product"}],"about":[{"href":"https:\/\/grupotextil.es\/en\/wp-json\/wp\/v2\/types\/product"}],"replies":[{"embeddable":true,"href":"https:\/\/grupotextil.es\/en\/wp-json\/wp\/v2\/comments?post=458627"}],"wp:featuredmedia":[{"embeddable":true,"href":"https:\/\/grupotextil.es\/en\/wp-json\/wp\/v2\/media\/458628"}],"wp:attachment":[{"href":"https:\/\/grupotextil.es\/en\/wp-json\/wp\/v2\/media?parent=458627"}],"wp:term":[{"taxonomy":"product_brand","embeddable":true,"href":"https:\/\/grupotextil.es\/en\/wp-json\/wp\/v2\/product_brand?post=458627"},{"taxonomy":"product_cat","embeddable":true,"href":"https:\/\/grupotextil.es\/en\/wp-json\/wp\/v2\/product_cat?post=458627"},{"taxonomy":"product_tag","embeddable":true,"href":"https:\/\/grupotextil.es\/en\/wp-json\/wp\/v2\/product_tag?post=458627"}],"curies":[{"name":"wp","href":"https:\/\/api.w.org\/{rel}","templated":true}]}}