{"id":458745,"date":"2026-03-13T07:12:21","date_gmt":"2026-03-13T06:12:21","guid":{"rendered":"https:\/\/grupotextil.es\/producto\/kid-river-pants\/"},"modified":"2026-03-13T07:12:21","modified_gmt":"2026-03-13T06:12:21","slug":"kid-river-pants","status":"publish","type":"product","link":"https:\/\/grupotextil.es\/en\/product\/kid-river-pants\/","title":{"rendered":"Kid River Pants"},"content":{"rendered":"<p><strong>Pantalones de ch&aacute;ndal de ni&ntilde;o con cintura el&aacute;stica, cord&oacute;n, bolsillos, cremallera del bajo y ribete en contraste<\/strong>. Disponible en 2 colores y desde la talla 5\/6 a&ntilde;os hasta la S. Para tallas m&aacute;s grandes consultar la REF: RIVERPTA. Este pantal&oacute;n de ch&aacute;ndal forma parte de un ch&aacute;ndal deportivo para ni&ntilde;o. Para mirar las tallas en sudaderas de ch&aacute;ndal a juego, consultar la REF: RIVERSWK.<\/p>\n<p>Caracter&iacute;sticas:<\/p>\n<ul>\n<li>Cintura el&aacute;stica con cord&oacute;n ajustable a tono.<\/li>\n<li>Cord&oacute;n, bolsillos, ribete lateral y cremallera del bajo en contraste.<\/li>\n<li>290 g\/m&sup2; aprox.<\/li>\n<li>65% Poli&eacute;ster \/ 35% Algod&oacute;n<\/li>\n<\/ul>","protected":false},"excerpt":{"rendered":"<p>Pantalones de ch\u00e1ndal de ni\u00f1o con cintura el\u00e1stica, cord\u00f3n, bolsillos, cremallera del bajo y ribete en contraste. Disponible en 2 colores y desde la talla 5\/6 a\u00f1os hasta la S. Para tallas m\u00e1s grandes consultar la REF: RIVERPTA. Este pantal\u00f3n de ch\u00e1ndal forma parte de un ch\u00e1ndal deportivo pa<\/p>","protected":false},"featured_media":458746,"comment_status":"open","ping_status":"closed","template":"","meta":{"_acf_changed":false},"product_brand":[],"product_cat":[13974,13973],"product_tag":[],"class_list":{"0":"post-458745","1":"product","2":"type-product","3":"status-publish","4":"has-post-thumbnail","6":"product_cat-ropa-hombre","7":"product_cat-ropa","8":"tm-no-options","10":"first","11":"instock","12":"taxable","13":"shipping-taxable","14":"product-type-variable"},"acf":[],"_links":{"self":[{"href":"https:\/\/grupotextil.es\/en\/wp-json\/wp\/v2\/product\/458745","targetHints":{"allow":["GET"]}}],"collection":[{"href":"https:\/\/grupotextil.es\/en\/wp-json\/wp\/v2\/product"}],"about":[{"href":"https:\/\/grupotextil.es\/en\/wp-json\/wp\/v2\/types\/product"}],"replies":[{"embeddable":true,"href":"https:\/\/grupotextil.es\/en\/wp-json\/wp\/v2\/comments?post=458745"}],"wp:featuredmedia":[{"embeddable":true,"href":"https:\/\/grupotextil.es\/en\/wp-json\/wp\/v2\/media\/458746"}],"wp:attachment":[{"href":"https:\/\/grupotextil.es\/en\/wp-json\/wp\/v2\/media?parent=458745"}],"wp:term":[{"taxonomy":"product_brand","embeddable":true,"href":"https:\/\/grupotextil.es\/en\/wp-json\/wp\/v2\/product_brand?post=458745"},{"taxonomy":"product_cat","embeddable":true,"href":"https:\/\/grupotextil.es\/en\/wp-json\/wp\/v2\/product_cat?post=458745"},{"taxonomy":"product_tag","embeddable":true,"href":"https:\/\/grupotextil.es\/en\/wp-json\/wp\/v2\/product_tag?post=458745"}],"curies":[{"name":"wp","href":"https:\/\/api.w.org\/{rel}","templated":true}]}}