{"id":458759,"date":"2026-03-13T07:12:26","date_gmt":"2026-03-13T06:12:26","guid":{"rendered":"https:\/\/grupotextil.es\/producto\/river-sweat\/"},"modified":"2026-03-13T07:12:26","modified_gmt":"2026-03-13T06:12:26","slug":"river-sweat","status":"publish","type":"product","link":"https:\/\/grupotextil.es\/en\/product\/river-sweat\/","title":{"rendered":"River Sweat"},"content":{"rendered":"<p><strong>Sudadera de adulto combinada en dos colores con ribete en contraste y media luna trasera bajo el cuello.<\/strong> Disponible en 2 colores y desde la talla M hasta la XXL. Para tallas m&aacute;s peque&ntilde;as consultar la REF: RIVERSWK. Esta sudadera forma parte de un ch&aacute;ndal deportivo para hombre. Para mirar las tallas en pantalones de ch&aacute;ndal a juego, consultar la REF: RIVERPTA.<\/p>\n<p>Caracter&iacute;sticas:<\/p>\n<ul>\n<li>Sudadera de adulto y ni&ntilde;o combinada en dos colores.<\/li>\n<li>Ribete y media luna trasera bajo el cuello en contraste.<\/li>\n<li>290 g\/m&sup2; aprox.<\/li>\n<li>65% Poli&eacute;ster \/ 35% Algod&oacute;n<\/li>\n<li>Etiqueta impresa en el cuello<\/li>\n<\/ul>","protected":false},"excerpt":{"rendered":"<p>Sudadera de adulto combinada en dos colores con ribete en contraste y media luna trasera bajo el cuello. Disponible en 2 colores y desde la talla M hasta la XXL. Para tallas m\u00e1s peque\u00f1as consultar la REF: RIVERSWK. Esta sudadera forma parte de un ch\u00e1ndal deportivo para hombre. Para mirar las tall<\/p>","protected":false},"featured_media":458760,"comment_status":"open","ping_status":"closed","template":"","meta":{"_acf_changed":false},"product_brand":[],"product_cat":[13974,13973],"product_tag":[],"class_list":{"0":"post-458759","1":"product","2":"type-product","3":"status-publish","4":"has-post-thumbnail","6":"product_cat-ropa-hombre","7":"product_cat-ropa","8":"tm-no-options","10":"first","11":"instock","12":"taxable","13":"shipping-taxable","14":"product-type-variable"},"acf":[],"_links":{"self":[{"href":"https:\/\/grupotextil.es\/en\/wp-json\/wp\/v2\/product\/458759","targetHints":{"allow":["GET"]}}],"collection":[{"href":"https:\/\/grupotextil.es\/en\/wp-json\/wp\/v2\/product"}],"about":[{"href":"https:\/\/grupotextil.es\/en\/wp-json\/wp\/v2\/types\/product"}],"replies":[{"embeddable":true,"href":"https:\/\/grupotextil.es\/en\/wp-json\/wp\/v2\/comments?post=458759"}],"wp:featuredmedia":[{"embeddable":true,"href":"https:\/\/grupotextil.es\/en\/wp-json\/wp\/v2\/media\/458760"}],"wp:attachment":[{"href":"https:\/\/grupotextil.es\/en\/wp-json\/wp\/v2\/media?parent=458759"}],"wp:term":[{"taxonomy":"product_brand","embeddable":true,"href":"https:\/\/grupotextil.es\/en\/wp-json\/wp\/v2\/product_brand?post=458759"},{"taxonomy":"product_cat","embeddable":true,"href":"https:\/\/grupotextil.es\/en\/wp-json\/wp\/v2\/product_cat?post=458759"},{"taxonomy":"product_tag","embeddable":true,"href":"https:\/\/grupotextil.es\/en\/wp-json\/wp\/v2\/product_tag?post=458759"}],"curies":[{"name":"wp","href":"https:\/\/api.w.org\/{rel}","templated":true}]}}