{"id":458824,"date":"2026-03-13T07:12:52","date_gmt":"2026-03-13T06:12:52","guid":{"rendered":"https:\/\/grupotextil.es\/producto\/v-neck-subli-top\/"},"modified":"2026-03-13T07:12:52","modified_gmt":"2026-03-13T06:12:52","slug":"v-neck-subli-top","status":"publish","type":"product","link":"https:\/\/grupotextil.es\/en\/product\/v-neck-subli-top\/","title":{"rendered":"V-neck Subli Top"},"content":{"rendered":"<p><strong>Camiseta de tirantes para mujer especial para sublimar<\/strong>. 100% poli&eacute;ster. Tacto de algod&oacute;n. Etiqueta TearAway.<\/p>\n<p>Caracter&iacute;sticas:&nbsp;<\/p>\n<ul>\n<li>Camiseta de tirantes.<\/li>\n<li>Cuello de pico.<\/li>\n<li>Punto liso.<\/li>\n<li>Ligeramente entallado.<\/li>\n<li>150 g\/m&sup2;<\/li>\n<li>100% Poli&eacute;ster<\/li>\n<li>Etiqueta removible<\/li>\n<\/ul>","protected":false},"excerpt":{"rendered":"<p>Camiseta de tirantes para mujer especial para sublimar. 100% poli\u00e9ster. Tacto de algod\u00f3n. Etiqueta TearAway.Caracter\u00edsticas:\u00a0Camiseta de tirantes.Cuello de pico.Punto liso.Ligeramente entallado.150 g\/m\u00b2100% Poli\u00e9sterEtiqueta removible<\/p>","protected":false},"featured_media":458825,"comment_status":"open","ping_status":"closed","template":"","meta":{"_acf_changed":false},"product_brand":[],"product_cat":[13974,13975],"product_tag":[],"class_list":{"0":"post-458824","1":"product","2":"type-product","3":"status-publish","4":"has-post-thumbnail","6":"product_cat-ropa-hombre","7":"product_cat-ropa-mujer","8":"tm-no-options","10":"first","11":"instock","12":"taxable","13":"shipping-taxable","14":"product-type-variable"},"acf":[],"_links":{"self":[{"href":"https:\/\/grupotextil.es\/en\/wp-json\/wp\/v2\/product\/458824","targetHints":{"allow":["GET"]}}],"collection":[{"href":"https:\/\/grupotextil.es\/en\/wp-json\/wp\/v2\/product"}],"about":[{"href":"https:\/\/grupotextil.es\/en\/wp-json\/wp\/v2\/types\/product"}],"replies":[{"embeddable":true,"href":"https:\/\/grupotextil.es\/en\/wp-json\/wp\/v2\/comments?post=458824"}],"wp:featuredmedia":[{"embeddable":true,"href":"https:\/\/grupotextil.es\/en\/wp-json\/wp\/v2\/media\/458825"}],"wp:attachment":[{"href":"https:\/\/grupotextil.es\/en\/wp-json\/wp\/v2\/media?parent=458824"}],"wp:term":[{"taxonomy":"product_brand","embeddable":true,"href":"https:\/\/grupotextil.es\/en\/wp-json\/wp\/v2\/product_brand?post=458824"},{"taxonomy":"product_cat","embeddable":true,"href":"https:\/\/grupotextil.es\/en\/wp-json\/wp\/v2\/product_cat?post=458824"},{"taxonomy":"product_tag","embeddable":true,"href":"https:\/\/grupotextil.es\/en\/wp-json\/wp\/v2\/product_tag?post=458824"}],"curies":[{"name":"wp","href":"https:\/\/api.w.org\/{rel}","templated":true}]}}