{"id":459055,"date":"2026-03-13T07:13:55","date_gmt":"2026-03-13T06:13:55","guid":{"rendered":"https:\/\/grupotextil.es\/producto\/pekin-wrinke\/"},"modified":"2026-03-13T07:13:55","modified_gmt":"2026-03-13T06:13:55","slug":"pekin-wrinke","status":"publish","type":"product","link":"https:\/\/grupotextil.es\/en\/product\/pekin-wrinke\/","title":{"rendered":"Pekin (Wrinke)"},"content":{"rendered":"<p>Camisa antiarrugas y antibacterias para hombre y mujer. Entallada de manga larga, en popel&iacute;n. Cuerpo ajustado. Botones a tono. Tapetas en mangas con bot&oacute;n y pliegue. Pu&ntilde;os con dos botones.<\/p>","protected":false},"excerpt":{"rendered":"<p>Camisa antiarrugas y antibacterias para hombre y mujer. Entallada de manga larga, en popel\u00edn. Cuerpo ajustado. Botones a tono. Tapetas en mangas con bot\u00f3n y pliegue. Pu\u00f1os con dos botones.<\/p>","protected":false},"featured_media":459056,"comment_status":"open","ping_status":"closed","template":"","meta":{"_acf_changed":false},"product_brand":[14181],"product_cat":[13938,13930,13973],"product_tag":[],"class_list":{"0":"post-459055","1":"product","2":"type-product","3":"status-publish","4":"has-post-thumbnail","6":"product_brand-jhk","7":"product_cat-camisas-corporativas","8":"product_cat-laboral","9":"product_cat-ropa","10":"tm-no-options","12":"first","13":"instock","14":"taxable","15":"shipping-taxable","16":"product-type-variable"},"acf":[],"_links":{"self":[{"href":"https:\/\/grupotextil.es\/en\/wp-json\/wp\/v2\/product\/459055","targetHints":{"allow":["GET"]}}],"collection":[{"href":"https:\/\/grupotextil.es\/en\/wp-json\/wp\/v2\/product"}],"about":[{"href":"https:\/\/grupotextil.es\/en\/wp-json\/wp\/v2\/types\/product"}],"replies":[{"embeddable":true,"href":"https:\/\/grupotextil.es\/en\/wp-json\/wp\/v2\/comments?post=459055"}],"wp:featuredmedia":[{"embeddable":true,"href":"https:\/\/grupotextil.es\/en\/wp-json\/wp\/v2\/media\/459056"}],"wp:attachment":[{"href":"https:\/\/grupotextil.es\/en\/wp-json\/wp\/v2\/media?parent=459055"}],"wp:term":[{"taxonomy":"product_brand","embeddable":true,"href":"https:\/\/grupotextil.es\/en\/wp-json\/wp\/v2\/product_brand?post=459055"},{"taxonomy":"product_cat","embeddable":true,"href":"https:\/\/grupotextil.es\/en\/wp-json\/wp\/v2\/product_cat?post=459055"},{"taxonomy":"product_tag","embeddable":true,"href":"https:\/\/grupotextil.es\/en\/wp-json\/wp\/v2\/product_tag?post=459055"}],"curies":[{"name":"wp","href":"https:\/\/api.w.org\/{rel}","templated":true}]}}