{"id":459247,"date":"2026-03-13T07:14:44","date_gmt":"2026-03-13T06:14:44","guid":{"rendered":"https:\/\/grupotextil.es\/producto\/oslo-lady-oil\/"},"modified":"2026-03-13T07:14:44","modified_gmt":"2026-03-13T06:14:44","slug":"oslo-lady-oil","status":"publish","type":"product","link":"https:\/\/grupotextil.es\/en\/product\/oslo-lady-oil\/","title":{"rendered":"OSLO LADY (OIL)"},"content":{"rendered":"<p>Camisa que repele agua y aceite. Entallada de manga larga, en popel&iacute;n. Cuerpo ajustado. Botones a tono. Tapetas en mangas con bot&oacute;n y pliegue. Pu&ntilde;os con dos botones.<\/p>","protected":false},"excerpt":{"rendered":"<p>Camisa que repele agua y aceite. Entallada de manga larga, en popel\u00edn. Cuerpo ajustado. Botones a tono. Tapetas en mangas con bot\u00f3n y pliegue. Pu\u00f1os con dos botones.<\/p>","protected":false},"featured_media":459248,"comment_status":"open","ping_status":"closed","template":"","meta":{"_acf_changed":false},"product_brand":[],"product_cat":[13938,13930,13973],"product_tag":[],"class_list":{"0":"post-459247","1":"product","2":"type-product","3":"status-publish","4":"has-post-thumbnail","6":"product_cat-camisas-corporativas","7":"product_cat-laboral","8":"product_cat-ropa","9":"tm-no-options","11":"first","12":"instock","13":"taxable","14":"shipping-taxable","15":"product-type-variable"},"acf":[],"_links":{"self":[{"href":"https:\/\/grupotextil.es\/en\/wp-json\/wp\/v2\/product\/459247","targetHints":{"allow":["GET"]}}],"collection":[{"href":"https:\/\/grupotextil.es\/en\/wp-json\/wp\/v2\/product"}],"about":[{"href":"https:\/\/grupotextil.es\/en\/wp-json\/wp\/v2\/types\/product"}],"replies":[{"embeddable":true,"href":"https:\/\/grupotextil.es\/en\/wp-json\/wp\/v2\/comments?post=459247"}],"wp:featuredmedia":[{"embeddable":true,"href":"https:\/\/grupotextil.es\/en\/wp-json\/wp\/v2\/media\/459248"}],"wp:attachment":[{"href":"https:\/\/grupotextil.es\/en\/wp-json\/wp\/v2\/media?parent=459247"}],"wp:term":[{"taxonomy":"product_brand","embeddable":true,"href":"https:\/\/grupotextil.es\/en\/wp-json\/wp\/v2\/product_brand?post=459247"},{"taxonomy":"product_cat","embeddable":true,"href":"https:\/\/grupotextil.es\/en\/wp-json\/wp\/v2\/product_cat?post=459247"},{"taxonomy":"product_tag","embeddable":true,"href":"https:\/\/grupotextil.es\/en\/wp-json\/wp\/v2\/product_tag?post=459247"}],"curies":[{"name":"wp","href":"https:\/\/api.w.org\/{rel}","templated":true}]}}