{"id":460717,"date":"2026-03-13T07:23:06","date_gmt":"2026-03-13T06:23:06","guid":{"rendered":"https:\/\/grupotextil.es\/producto\/stadium\/"},"modified":"2026-03-13T07:23:06","modified_gmt":"2026-03-13T06:23:06","slug":"stadium","status":"publish","type":"product","link":"https:\/\/grupotextil.es\/en\/product\/stadium\/","title":{"rendered":"Stadium"},"content":{"rendered":"<p><strong>Pantal&oacute;n de portero de f&uacute;tbol de adulto con acolchado lateral<\/strong>. Disponible desde la talla M hasta la talla XXL. (Para tallas m&aacute;s peque&ntilde;as, consultar en la REF: STADIUMGLK ).<\/p>\n<p>Caracter&iacute;sticas:<\/p>\n<ul>\n<li>Pantal&oacute;n de portero de adulto y ni&ntilde;o.<\/li>\n<li>Acolchado lateral.<\/li>\n<li>200 g\/m&sup2;<\/li>\n<li>100% Poli&eacute;ster<\/li>\n<\/ul>","protected":false},"excerpt":{"rendered":"<p>Pantal\u00f3n de portero de f\u00fatbol de adulto con acolchado lateral. Disponible desde la talla M hasta la talla XXL. (Para tallas m\u00e1s peque\u00f1as, consultar en la REF: STADIUMGLK ).Caracter\u00edsticas:Pantal\u00f3n de portero de adulto y ni\u00f1o.Acolchado lateral.200 g\/m\u00b2100% Poli\u00e9ster<\/p>","protected":false},"featured_media":460718,"comment_status":"open","ping_status":"closed","template":"","meta":{"_acf_changed":false},"product_brand":[],"product_cat":[13974,13983,13973],"product_tag":[],"class_list":{"0":"post-460717","1":"product","2":"type-product","3":"status-publish","4":"has-post-thumbnail","6":"product_cat-ropa-hombre","7":"product_cat-h-pantalones","8":"product_cat-ropa","9":"tm-no-options","11":"first","12":"instock","13":"taxable","14":"shipping-taxable","15":"product-type-variable"},"acf":[],"_links":{"self":[{"href":"https:\/\/grupotextil.es\/en\/wp-json\/wp\/v2\/product\/460717","targetHints":{"allow":["GET"]}}],"collection":[{"href":"https:\/\/grupotextil.es\/en\/wp-json\/wp\/v2\/product"}],"about":[{"href":"https:\/\/grupotextil.es\/en\/wp-json\/wp\/v2\/types\/product"}],"replies":[{"embeddable":true,"href":"https:\/\/grupotextil.es\/en\/wp-json\/wp\/v2\/comments?post=460717"}],"wp:featuredmedia":[{"embeddable":true,"href":"https:\/\/grupotextil.es\/en\/wp-json\/wp\/v2\/media\/460718"}],"wp:attachment":[{"href":"https:\/\/grupotextil.es\/en\/wp-json\/wp\/v2\/media?parent=460717"}],"wp:term":[{"taxonomy":"product_brand","embeddable":true,"href":"https:\/\/grupotextil.es\/en\/wp-json\/wp\/v2\/product_brand?post=460717"},{"taxonomy":"product_cat","embeddable":true,"href":"https:\/\/grupotextil.es\/en\/wp-json\/wp\/v2\/product_cat?post=460717"},{"taxonomy":"product_tag","embeddable":true,"href":"https:\/\/grupotextil.es\/en\/wp-json\/wp\/v2\/product_tag?post=460717"}],"curies":[{"name":"wp","href":"https:\/\/api.w.org\/{rel}","templated":true}]}}