{"id":460884,"date":"2026-03-13T07:23:57","date_gmt":"2026-03-13T06:23:57","guid":{"rendered":"https:\/\/grupotextil.es\/producto\/peach-crew-neck\/"},"modified":"2026-03-13T07:23:57","modified_gmt":"2026-03-13T06:23:57","slug":"peach-crew-neck","status":"publish","type":"product","link":"https:\/\/grupotextil.es\/en\/product\/peach-crew-neck\/","title":{"rendered":"Peach Crew Neck"},"content":{"rendered":"<p><strong>Sudadera cl&aacute;sica de hombre con tejido French Terry (sin perchar) muy suave al tacto<\/strong>. Disponible en&nbsp;5 colores y desde la talla S hasta la XXL.<\/p>\n<p>Caracter&iacute;sticas:<\/p>\n<ul>\n<li>Doble costura en cuello, pu&ntilde;os y bajo.<\/li>\n<li>2&#215;1 canal&eacute; con licra en cuello, pu&ntilde;os y bajo.<\/li>\n<li>Tejido sin perchar (French Terry).<\/li>\n<\/ul>","protected":false},"excerpt":{"rendered":"<p>Sudadera cl\u00e1sica de hombre con tejido French Terry (sin perchar) muy suave al tacto. Disponible en\u00a05 colores y desde la talla S hasta la XXL.Caracter\u00edsticas:Doble costura en cuello, pu\u00f1os y bajo.2&#215;1 canal\u00e9 con licra en cuello, pu\u00f1os y bajo.Tejido sin perchar (French Terry).<\/p>","protected":false},"featured_media":460885,"comment_status":"open","ping_status":"closed","template":"","meta":{"_acf_changed":false},"product_brand":[],"product_cat":[13974,13973,13980],"product_tag":[],"class_list":{"0":"post-460884","1":"product","2":"type-product","3":"status-publish","4":"has-post-thumbnail","6":"product_cat-ropa-hombre","7":"product_cat-ropa","8":"product_cat-h-sudaderas","9":"tm-no-options","11":"first","12":"instock","13":"taxable","14":"shipping-taxable","15":"product-type-variable"},"acf":[],"_links":{"self":[{"href":"https:\/\/grupotextil.es\/en\/wp-json\/wp\/v2\/product\/460884","targetHints":{"allow":["GET"]}}],"collection":[{"href":"https:\/\/grupotextil.es\/en\/wp-json\/wp\/v2\/product"}],"about":[{"href":"https:\/\/grupotextil.es\/en\/wp-json\/wp\/v2\/types\/product"}],"replies":[{"embeddable":true,"href":"https:\/\/grupotextil.es\/en\/wp-json\/wp\/v2\/comments?post=460884"}],"wp:featuredmedia":[{"embeddable":true,"href":"https:\/\/grupotextil.es\/en\/wp-json\/wp\/v2\/media\/460885"}],"wp:attachment":[{"href":"https:\/\/grupotextil.es\/en\/wp-json\/wp\/v2\/media?parent=460884"}],"wp:term":[{"taxonomy":"product_brand","embeddable":true,"href":"https:\/\/grupotextil.es\/en\/wp-json\/wp\/v2\/product_brand?post=460884"},{"taxonomy":"product_cat","embeddable":true,"href":"https:\/\/grupotextil.es\/en\/wp-json\/wp\/v2\/product_cat?post=460884"},{"taxonomy":"product_tag","embeddable":true,"href":"https:\/\/grupotextil.es\/en\/wp-json\/wp\/v2\/product_tag?post=460884"}],"curies":[{"name":"wp","href":"https:\/\/api.w.org\/{rel}","templated":true}]}}