{"id":461586,"date":"2026-03-13T07:27:01","date_gmt":"2026-03-13T06:27:01","guid":{"rendered":"https:\/\/grupotextil.es\/producto\/ocean-crew-neck-unisex-sweatshirt\/"},"modified":"2026-03-13T07:27:01","modified_gmt":"2026-03-13T06:27:01","slug":"ocean-crew-neck-unisex-sweatshirt","status":"publish","type":"product","link":"https:\/\/grupotextil.es\/en\/product\/ocean-crew-neck-unisex-sweatshirt\/","title":{"rendered":"Ocean Crew Neck Unisex Sweatshirt"},"content":{"rendered":"<p><strong>Sudadera unisex con cuello redondo<\/strong>. Disponible en 6 colores y desde la talla XS hasta la 3XL. <strong>Sudadera ideal para serigrafiar, bordar o personalizar con transfer<\/strong>. Por su composici&oacute;n m&aacute;s alta en poli&eacute;ster, algunos de nuestros clientes utilizan la <strong>sudadera blanca para sublimar<\/strong>.<\/p>\n<p>Caracter&iacute;sticas:<\/p>\n<ul>\n<li>Doble costura en cuello, mangas y bajo y del mismo tejido que en el resto de la prenda.<\/li>\n<li>AY: 67% algod&oacute;n \/ 31% poli&eacute;ster \/ 2% viscosa<\/li>\n<\/ul>","protected":false},"excerpt":{"rendered":"<p>Sudadera unisex con cuello redondo. Disponible en 6 colores y desde la talla XS hasta la 3XL. Sudadera ideal para serigrafiar, bordar o personalizar con transfer. Por su composici\u00f3n m\u00e1s alta en poli\u00e9ster, algunos de nuestros clientes utilizan la sudadera blanca para sublimar.Caracter\u00edsticas:Dobl<\/p>","protected":false},"featured_media":461587,"comment_status":"open","ping_status":"closed","template":"","meta":{"_acf_changed":false},"product_brand":[],"product_cat":[13974,13973,13980],"product_tag":[],"class_list":{"0":"post-461586","1":"product","2":"type-product","3":"status-publish","4":"has-post-thumbnail","6":"product_cat-ropa-hombre","7":"product_cat-ropa","8":"product_cat-h-sudaderas","9":"tm-no-options","11":"first","12":"instock","13":"taxable","14":"shipping-taxable","15":"product-type-variable"},"acf":[],"_links":{"self":[{"href":"https:\/\/grupotextil.es\/en\/wp-json\/wp\/v2\/product\/461586","targetHints":{"allow":["GET"]}}],"collection":[{"href":"https:\/\/grupotextil.es\/en\/wp-json\/wp\/v2\/product"}],"about":[{"href":"https:\/\/grupotextil.es\/en\/wp-json\/wp\/v2\/types\/product"}],"replies":[{"embeddable":true,"href":"https:\/\/grupotextil.es\/en\/wp-json\/wp\/v2\/comments?post=461586"}],"wp:featuredmedia":[{"embeddable":true,"href":"https:\/\/grupotextil.es\/en\/wp-json\/wp\/v2\/media\/461587"}],"wp:attachment":[{"href":"https:\/\/grupotextil.es\/en\/wp-json\/wp\/v2\/media?parent=461586"}],"wp:term":[{"taxonomy":"product_brand","embeddable":true,"href":"https:\/\/grupotextil.es\/en\/wp-json\/wp\/v2\/product_brand?post=461586"},{"taxonomy":"product_cat","embeddable":true,"href":"https:\/\/grupotextil.es\/en\/wp-json\/wp\/v2\/product_cat?post=461586"},{"taxonomy":"product_tag","embeddable":true,"href":"https:\/\/grupotextil.es\/en\/wp-json\/wp\/v2\/product_tag?post=461586"}],"curies":[{"name":"wp","href":"https:\/\/api.w.org\/{rel}","templated":true}]}}