{"id":461932,"date":"2026-03-13T07:28:34","date_gmt":"2026-03-13T06:28:34","guid":{"rendered":"https:\/\/grupotextil.es\/producto\/sweat-pants-lady\/"},"modified":"2026-03-13T07:28:34","modified_gmt":"2026-03-13T06:28:34","slug":"sweat-pants-lady","status":"publish","type":"product","link":"https:\/\/grupotextil.es\/en\/product\/sweat-pants-lady\/","title":{"rendered":"Sweat Pants Lady"},"content":{"rendered":"<p><strong>Pantal&oacute;n deportivo largo para mujer, corte recto y cintura el&aacute;stica con cord&oacute;n ajustable. <\/strong>Disponible en 3 colores desde la talla S hasta la XXL.<\/p>\n<p>Caracter&iacute;sticas:<\/p>\n<ul>\n<li>Cintura el&aacute;stica con cord&oacute;n ajustable a tono.<\/li>\n<li>Felpa perchada.<\/li>\n<li>Corte recto.<\/li>\n<\/ul>\n<p>Composici&oacute;n de colores:<\/p>\n<ul>\n<li>GM: 61% algod&oacute;n \/31% poli&eacute;ster reciclado \/ 8% viscosa<\/li>\n<\/ul>","protected":false},"excerpt":{"rendered":"<p>Pantal\u00f3n deportivo largo para mujer, corte recto y cintura el\u00e1stica con cord\u00f3n ajustable. Disponible en 3 colores desde la talla S hasta la XXL.Caracter\u00edsticas:Cintura el\u00e1stica con cord\u00f3n ajustable a tono.Felpa perchada.Corte recto.Composici\u00f3n de colores:GM: 61% algod\u00f3n \/31% poli\u00e9ster recic<\/p>","protected":false},"featured_media":461933,"comment_status":"open","ping_status":"closed","template":"","meta":{"_acf_changed":false},"product_brand":[14181],"product_cat":[13974,13973,13980],"product_tag":[],"class_list":{"0":"post-461932","1":"product","2":"type-product","3":"status-publish","4":"has-post-thumbnail","6":"product_brand-jhk","7":"product_cat-ropa-hombre","8":"product_cat-ropa","9":"product_cat-h-sudaderas","10":"tm-no-options","12":"first","13":"instock","14":"taxable","15":"shipping-taxable","16":"product-type-variable"},"acf":[],"_links":{"self":[{"href":"https:\/\/grupotextil.es\/en\/wp-json\/wp\/v2\/product\/461932","targetHints":{"allow":["GET"]}}],"collection":[{"href":"https:\/\/grupotextil.es\/en\/wp-json\/wp\/v2\/product"}],"about":[{"href":"https:\/\/grupotextil.es\/en\/wp-json\/wp\/v2\/types\/product"}],"replies":[{"embeddable":true,"href":"https:\/\/grupotextil.es\/en\/wp-json\/wp\/v2\/comments?post=461932"}],"wp:featuredmedia":[{"embeddable":true,"href":"https:\/\/grupotextil.es\/en\/wp-json\/wp\/v2\/media\/461933"}],"wp:attachment":[{"href":"https:\/\/grupotextil.es\/en\/wp-json\/wp\/v2\/media?parent=461932"}],"wp:term":[{"taxonomy":"product_brand","embeddable":true,"href":"https:\/\/grupotextil.es\/en\/wp-json\/wp\/v2\/product_brand?post=461932"},{"taxonomy":"product_cat","embeddable":true,"href":"https:\/\/grupotextil.es\/en\/wp-json\/wp\/v2\/product_cat?post=461932"},{"taxonomy":"product_tag","embeddable":true,"href":"https:\/\/grupotextil.es\/en\/wp-json\/wp\/v2\/product_tag?post=461932"}],"curies":[{"name":"wp","href":"https:\/\/api.w.org\/{rel}","templated":true}]}}