{"id":462545,"date":"2026-03-13T07:31:20","date_gmt":"2026-03-13T06:31:20","guid":{"rendered":"https:\/\/grupotextil.es\/producto\/everest-2\/"},"modified":"2026-03-13T07:31:20","modified_gmt":"2026-03-13T06:31:20","slug":"everest-2","status":"publish","type":"product","link":"https:\/\/grupotextil.es\/en\/product\/everest-2\/","title":{"rendered":"Everest"},"content":{"rendered":"<p><strong>Sudadera cl&aacute;sica unisex con cuello redondo perfecta para personalizar<\/strong>. Disponible en 8 colores desde la talla XS hasta la 3XL.<\/p>\n<p>Caracter&iacute;sticas:<\/p>\n<ul>\n<ul>\n<li>Doble costura en cuello, pu&ntilde;os y bajo.<\/li>\n<li>Manga raglan<\/li>\n<li>2&#215;1 canal&eacute; con licra en pu&ntilde;os y bajo.<\/li>\n<li>Felpa perchada.<\/li>\n<\/ul>\n<li>Composici&oacute;n de colores:<\/li>\n<ul>\n<li>DGM: 63% algod&oacute;n org&aacute;nico \/21% poli&eacute;ster reciclado \/ 16% viscosa<\/li>\n<li>GM: 61% algod&oacute;n org&aacute;nico \/31% poli&eacute;ster reciclado \/ 8% viscosa<\/li>\n<\/ul>\n<\/ul>\n<p>&nbsp;<\/p>\n<p>&nbsp;<\/p>","protected":false},"excerpt":{"rendered":"<p>Sudadera cl\u00e1sica unisex con cuello redondo perfecta para personalizar. Disponible en 8 colores desde la talla XS hasta la 3XL.Caracter\u00edsticas:Doble costura en cuello, pu\u00f1os y bajo.Manga raglan2x1 canal\u00e9 con licra en pu\u00f1os y bajo.Felpa perchada.Composici\u00f3n de colores:DGM: 63% algod\u00f3n org\u00e1nico<\/p>","protected":false},"featured_media":462546,"comment_status":"open","ping_status":"closed","template":"","meta":{"_acf_changed":false},"product_brand":[14181],"product_cat":[13974,13973,13980],"product_tag":[],"class_list":{"0":"post-462545","1":"product","2":"type-product","3":"status-publish","4":"has-post-thumbnail","6":"product_brand-jhk","7":"product_cat-ropa-hombre","8":"product_cat-ropa","9":"product_cat-h-sudaderas","10":"tm-no-options","12":"first","13":"instock","14":"taxable","15":"shipping-taxable","16":"product-type-variable"},"acf":[],"_links":{"self":[{"href":"https:\/\/grupotextil.es\/en\/wp-json\/wp\/v2\/product\/462545","targetHints":{"allow":["GET"]}}],"collection":[{"href":"https:\/\/grupotextil.es\/en\/wp-json\/wp\/v2\/product"}],"about":[{"href":"https:\/\/grupotextil.es\/en\/wp-json\/wp\/v2\/types\/product"}],"replies":[{"embeddable":true,"href":"https:\/\/grupotextil.es\/en\/wp-json\/wp\/v2\/comments?post=462545"}],"wp:featuredmedia":[{"embeddable":true,"href":"https:\/\/grupotextil.es\/en\/wp-json\/wp\/v2\/media\/462546"}],"wp:attachment":[{"href":"https:\/\/grupotextil.es\/en\/wp-json\/wp\/v2\/media?parent=462545"}],"wp:term":[{"taxonomy":"product_brand","embeddable":true,"href":"https:\/\/grupotextil.es\/en\/wp-json\/wp\/v2\/product_brand?post=462545"},{"taxonomy":"product_cat","embeddable":true,"href":"https:\/\/grupotextil.es\/en\/wp-json\/wp\/v2\/product_cat?post=462545"},{"taxonomy":"product_tag","embeddable":true,"href":"https:\/\/grupotextil.es\/en\/wp-json\/wp\/v2\/product_tag?post=462545"}],"curies":[{"name":"wp","href":"https:\/\/api.w.org\/{rel}","templated":true}]}}