{"id":463340,"date":"2026-03-13T07:34:28","date_gmt":"2026-03-13T06:34:28","guid":{"rendered":"https:\/\/grupotextil.es\/producto\/kangaroo-sweatshirt-king-size\/"},"modified":"2026-03-13T07:34:28","modified_gmt":"2026-03-13T06:34:28","slug":"kangaroo-sweatshirt-king-size","status":"publish","type":"product","link":"https:\/\/grupotextil.es\/en\/product\/kangaroo-sweatshirt-king-size\/","title":{"rendered":"Kangaroo Sweatshirt King Size"},"content":{"rendered":"<p><strong>Sudadera con capucha para hombre con bolsillo de canguro y cord&oacute;n de ajuste a tono<\/strong>. Disponible en 41 colores y desde la talla XS hasta la 3 XL.&nbsp;<\/p>\n<p>Caracter&iacute;sticas:<\/p>\n<ul>\n<li>Sudadera con capucha.<\/li>\n<li>Cord&oacute;n de ajuste a tono.<\/li>\n<li>Bolsillo canguro.<\/li>\n<li>2&#215;1 canal&eacute; con lycra en pu&ntilde;os y bajo.<\/li>\n<li>290 g\/m&sup2; aprox.<\/li>\n<li>65% Poli&eacute;ster \/ 35% Algod&oacute;n<\/li>\n<\/ul>","protected":false},"excerpt":{"rendered":"<p>Sudadera con capucha para hombre con bolsillo de canguro y cord\u00f3n de ajuste a tono. Disponible en 41 colores y desde la talla XS hasta la 3 XL.\u00a0Caracter\u00edsticas:Sudadera con capucha.Cord\u00f3n de ajuste a tono.Bolsillo canguro.2&#215;1 canal\u00e9 con lycra en pu\u00f1os y bajo.290 g\/m\u00b2 aprox.65% Poli\u00e9ster \/ 35<\/p>","protected":false},"featured_media":463341,"comment_status":"open","ping_status":"closed","template":"","meta":{"_acf_changed":false},"product_brand":[14181],"product_cat":[13974,13973,13980],"product_tag":[],"class_list":{"0":"post-463340","1":"product","2":"type-product","3":"status-publish","4":"has-post-thumbnail","6":"product_brand-jhk","7":"product_cat-ropa-hombre","8":"product_cat-ropa","9":"product_cat-h-sudaderas","10":"tm-no-options","12":"first","13":"instock","14":"taxable","15":"shipping-taxable","16":"product-type-variable"},"acf":[],"_links":{"self":[{"href":"https:\/\/grupotextil.es\/en\/wp-json\/wp\/v2\/product\/463340","targetHints":{"allow":["GET"]}}],"collection":[{"href":"https:\/\/grupotextil.es\/en\/wp-json\/wp\/v2\/product"}],"about":[{"href":"https:\/\/grupotextil.es\/en\/wp-json\/wp\/v2\/types\/product"}],"replies":[{"embeddable":true,"href":"https:\/\/grupotextil.es\/en\/wp-json\/wp\/v2\/comments?post=463340"}],"wp:featuredmedia":[{"embeddable":true,"href":"https:\/\/grupotextil.es\/en\/wp-json\/wp\/v2\/media\/463341"}],"wp:attachment":[{"href":"https:\/\/grupotextil.es\/en\/wp-json\/wp\/v2\/media?parent=463340"}],"wp:term":[{"taxonomy":"product_brand","embeddable":true,"href":"https:\/\/grupotextil.es\/en\/wp-json\/wp\/v2\/product_brand?post=463340"},{"taxonomy":"product_cat","embeddable":true,"href":"https:\/\/grupotextil.es\/en\/wp-json\/wp\/v2\/product_cat?post=463340"},{"taxonomy":"product_tag","embeddable":true,"href":"https:\/\/grupotextil.es\/en\/wp-json\/wp\/v2\/product_tag?post=463340"}],"curies":[{"name":"wp","href":"https:\/\/api.w.org\/{rel}","templated":true}]}}