{"id":463529,"date":"2026-03-13T07:35:38","date_gmt":"2026-03-13T06:35:38","guid":{"rendered":"https:\/\/grupotextil.es\/producto\/baby-playsuit-ls\/"},"modified":"2026-03-13T07:35:38","modified_gmt":"2026-03-13T06:35:38","slug":"baby-playsuit-ls","status":"publish","type":"product","link":"https:\/\/grupotextil.es\/en\/product\/baby-playsuit-ls\/","title":{"rendered":"Baby Playsuit LS"},"content":{"rendered":"<p><strong>Pelele de beb&eacute; unisex de cuerpo entero en tejido French Terry (sin perchar) para que el peque&ntilde;o est&eacute; abrigado<\/strong>. Un body muy c&oacute;modo para que se pueda mover libremente y pr&aacute;ctico de poner y quitar por los corchetes en la parte trasera. Est&aacute; disponible en 5 colores y desde la talla 3 meses hasta los 18.<\/p>\n<p>Caracter&iacute;sticas:<\/p>\n<ul>\n<li>Corchetes en la parte trasera.<\/li>\n<li>2&#215;1 canal&eacute; con licra en pu&ntilde;os.<\/li>\n<li>Felpa&nbsp;sin perchar (French Terry).<\/li>\n<\/ul>\n<p>Composici&oacute;n de colores:<\/p>\n<ul>\n<li>GM: 61% algod&oacute;n \/31% poli&eacute;ster reciclado \/ 8% viscosa<\/li>\n<\/ul>","protected":false},"excerpt":{"rendered":"<p>Pelele de beb\u00e9 unisex de cuerpo entero en tejido French Terry (sin perchar) para que el peque\u00f1o est\u00e9 abrigado. Un body muy c\u00f3modo para que se pueda mover libremente y pr\u00e1ctico de poner y quitar por los corchetes en la parte trasera. Est\u00e1 disponible en 5 colores y desde la talla 3 meses hasta l<\/p>","protected":false},"featured_media":463530,"comment_status":"open","ping_status":"closed","template":"","meta":{"_acf_changed":false},"product_brand":[14181],"product_cat":[13974,13973,13980],"product_tag":[],"class_list":{"0":"post-463529","1":"product","2":"type-product","3":"status-publish","4":"has-post-thumbnail","6":"product_brand-jhk","7":"product_cat-ropa-hombre","8":"product_cat-ropa","9":"product_cat-h-sudaderas","10":"tm-no-options","12":"first","13":"instock","14":"taxable","15":"shipping-taxable","16":"product-type-variable"},"acf":[],"_links":{"self":[{"href":"https:\/\/grupotextil.es\/en\/wp-json\/wp\/v2\/product\/463529","targetHints":{"allow":["GET"]}}],"collection":[{"href":"https:\/\/grupotextil.es\/en\/wp-json\/wp\/v2\/product"}],"about":[{"href":"https:\/\/grupotextil.es\/en\/wp-json\/wp\/v2\/types\/product"}],"replies":[{"embeddable":true,"href":"https:\/\/grupotextil.es\/en\/wp-json\/wp\/v2\/comments?post=463529"}],"wp:featuredmedia":[{"embeddable":true,"href":"https:\/\/grupotextil.es\/en\/wp-json\/wp\/v2\/media\/463530"}],"wp:attachment":[{"href":"https:\/\/grupotextil.es\/en\/wp-json\/wp\/v2\/media?parent=463529"}],"wp:term":[{"taxonomy":"product_brand","embeddable":true,"href":"https:\/\/grupotextil.es\/en\/wp-json\/wp\/v2\/product_brand?post=463529"},{"taxonomy":"product_cat","embeddable":true,"href":"https:\/\/grupotextil.es\/en\/wp-json\/wp\/v2\/product_cat?post=463529"},{"taxonomy":"product_tag","embeddable":true,"href":"https:\/\/grupotextil.es\/en\/wp-json\/wp\/v2\/product_tag?post=463529"}],"curies":[{"name":"wp","href":"https:\/\/api.w.org\/{rel}","templated":true}]}}