{"id":464039,"date":"2026-03-13T07:39:13","date_gmt":"2026-03-13T06:39:13","guid":{"rendered":"https:\/\/grupotextil.es\/producto\/kangaroo-sweatshirt-kid\/"},"modified":"2026-03-13T07:39:13","modified_gmt":"2026-03-13T06:39:13","slug":"kangaroo-sweatshirt-kid","status":"publish","type":"product","link":"https:\/\/grupotextil.es\/en\/product\/kangaroo-sweatshirt-kid\/","title":{"rendered":"Kangaroo Sweatshirt Kid"},"content":{"rendered":"<p><strong>Sudadera unisex lisa para ni&ntilde;os, con capucha y bolsillo canguro<\/strong>. Disponible en 20 colores y desde la talla 1-2 hasta 12-14 a&ntilde;os.&nbsp;<\/p>\n<p>Caracter&iacute;sticas:<\/p>\n<ul>\n<li>Sudadera con capucha.<\/li>\n<li>Cord&oacute;n de ajuste a tono.<\/li>\n<li>Bolsillo canguro.<\/li>\n<li>Felpa perchada<\/li>\n<li>2&#215;1 canal&eacute; con licra en pu&ntilde;os y bajo.<\/li>\n<\/ul>\n<p>Composici&oacute;n de colores:<\/p>\n<ul>\n<li>GM: 61% algod&oacute;n \/31% Poli&eacute;ster reciclado \/ 8% viscosa<\/li>\n<li>AS: 67% algod&oacute;n \/ 31% Poli&eacute;ster reciclado \/ 2% viscosa<\/li>\n<\/ul>","protected":false},"excerpt":{"rendered":"<p>Sudadera unisex lisa para ni\u00f1os, con capucha y bolsillo canguro. Disponible en 20 colores y desde la talla 1-2 hasta 12-14 a\u00f1os.\u00a0Caracter\u00edsticas:Sudadera con capucha.Cord\u00f3n de ajuste a tono.Bolsillo canguro.Felpa perchada2x1 canal\u00e9 con licra en pu\u00f1os y bajo.Composici\u00f3n de colores:GM: 61% alg<\/p>","protected":false},"featured_media":464040,"comment_status":"open","ping_status":"closed","template":"","meta":{"_acf_changed":false},"product_brand":[14181],"product_cat":[13974,13973,13980],"product_tag":[],"class_list":{"0":"post-464039","1":"product","2":"type-product","3":"status-publish","4":"has-post-thumbnail","6":"product_brand-jhk","7":"product_cat-ropa-hombre","8":"product_cat-ropa","9":"product_cat-h-sudaderas","10":"tm-no-options","12":"first","13":"instock","14":"taxable","15":"shipping-taxable","16":"product-type-variable"},"acf":[],"_links":{"self":[{"href":"https:\/\/grupotextil.es\/en\/wp-json\/wp\/v2\/product\/464039","targetHints":{"allow":["GET"]}}],"collection":[{"href":"https:\/\/grupotextil.es\/en\/wp-json\/wp\/v2\/product"}],"about":[{"href":"https:\/\/grupotextil.es\/en\/wp-json\/wp\/v2\/types\/product"}],"replies":[{"embeddable":true,"href":"https:\/\/grupotextil.es\/en\/wp-json\/wp\/v2\/comments?post=464039"}],"wp:featuredmedia":[{"embeddable":true,"href":"https:\/\/grupotextil.es\/en\/wp-json\/wp\/v2\/media\/464040"}],"wp:attachment":[{"href":"https:\/\/grupotextil.es\/en\/wp-json\/wp\/v2\/media?parent=464039"}],"wp:term":[{"taxonomy":"product_brand","embeddable":true,"href":"https:\/\/grupotextil.es\/en\/wp-json\/wp\/v2\/product_brand?post=464039"},{"taxonomy":"product_cat","embeddable":true,"href":"https:\/\/grupotextil.es\/en\/wp-json\/wp\/v2\/product_cat?post=464039"},{"taxonomy":"product_tag","embeddable":true,"href":"https:\/\/grupotextil.es\/en\/wp-json\/wp\/v2\/product_tag?post=464039"}],"curies":[{"name":"wp","href":"https:\/\/api.w.org\/{rel}","templated":true}]}}