{"id":464232,"date":"2026-03-13T07:40:00","date_gmt":"2026-03-13T06:40:00","guid":{"rendered":"https:\/\/grupotextil.es\/producto\/kid-kangaroo-cvc-unisex\/"},"modified":"2026-03-13T07:40:00","modified_gmt":"2026-03-13T06:40:00","slug":"kid-kangaroo-cvc-unisex","status":"publish","type":"product","link":"https:\/\/grupotextil.es\/en\/product\/kid-kangaroo-cvc-unisex\/","title":{"rendered":"Kid Kangaroo CVC Unisex"},"content":{"rendered":"<p><strong>Sudadera unisex lisa para ni&ntilde;os, con capucha y bolsillo canguro<\/strong>. Disponible en 13 colores y desde la talla 1-2 hasta 12-14 a&ntilde;os.&nbsp;<\/p>\n<p>Caracter&iacute;sticas:<\/p>\n<ul>\n<li>Sudadera con capucha.<\/li>\n<li>Bolsillo canguro.<\/li>\n<li>1&#215;1 canal&eacute; con elastano en pu&ntilde;os y bajo.<\/li>\n<li>275 g\/m&sup2; aprox.<\/li>\n<li>80%&nbsp;Algod&oacute;n \/ 20%&nbsp;Poli&eacute;ster<\/li>\n<li>GM: 73% algod&oacute;n \/ 20% poli&eacute;ster \/ 7% viscosa<\/li>\n<li>Etiqueta removible<\/li>\n<\/ul>","protected":false},"excerpt":{"rendered":"<p>Sudadera unisex lisa para ni\u00f1os, con capucha y bolsillo canguro. Disponible en 13 colores y desde la talla 1-2 hasta 12-14 a\u00f1os.\u00a0Caracter\u00edsticas:Sudadera con capucha.Bolsillo canguro.1&#215;1 canal\u00e9 con elastano en pu\u00f1os y bajo.275 g\/m\u00b2 aprox.80%\u00a0Algod\u00f3n \/ 20%\u00a0Poli\u00e9sterGM: 73% algod\u00f3n \/ 20% p<\/p>","protected":false},"featured_media":464233,"comment_status":"open","ping_status":"closed","template":"","meta":{"_acf_changed":false},"product_brand":[14181],"product_cat":[13974,13973,13980],"product_tag":[],"class_list":{"0":"post-464232","1":"product","2":"type-product","3":"status-publish","4":"has-post-thumbnail","6":"product_brand-jhk","7":"product_cat-ropa-hombre","8":"product_cat-ropa","9":"product_cat-h-sudaderas","10":"tm-no-options","12":"first","13":"instock","14":"taxable","15":"shipping-taxable","16":"product-type-variable"},"acf":[],"_links":{"self":[{"href":"https:\/\/grupotextil.es\/en\/wp-json\/wp\/v2\/product\/464232","targetHints":{"allow":["GET"]}}],"collection":[{"href":"https:\/\/grupotextil.es\/en\/wp-json\/wp\/v2\/product"}],"about":[{"href":"https:\/\/grupotextil.es\/en\/wp-json\/wp\/v2\/types\/product"}],"replies":[{"embeddable":true,"href":"https:\/\/grupotextil.es\/en\/wp-json\/wp\/v2\/comments?post=464232"}],"wp:featuredmedia":[{"embeddable":true,"href":"https:\/\/grupotextil.es\/en\/wp-json\/wp\/v2\/media\/464233"}],"wp:attachment":[{"href":"https:\/\/grupotextil.es\/en\/wp-json\/wp\/v2\/media?parent=464232"}],"wp:term":[{"taxonomy":"product_brand","embeddable":true,"href":"https:\/\/grupotextil.es\/en\/wp-json\/wp\/v2\/product_brand?post=464232"},{"taxonomy":"product_cat","embeddable":true,"href":"https:\/\/grupotextil.es\/en\/wp-json\/wp\/v2\/product_cat?post=464232"},{"taxonomy":"product_tag","embeddable":true,"href":"https:\/\/grupotextil.es\/en\/wp-json\/wp\/v2\/product_tag?post=464232"}],"curies":[{"name":"wp","href":"https:\/\/api.w.org\/{rel}","templated":true}]}}