{"id":464580,"date":"2026-03-13T07:41:31","date_gmt":"2026-03-13T06:41:31","guid":{"rendered":"https:\/\/grupotextil.es\/producto\/lady-full-zip-hooded-sweatshirt\/"},"modified":"2026-03-13T07:41:31","modified_gmt":"2026-03-13T06:41:31","slug":"lady-full-zip-hooded-sweatshirt","status":"publish","type":"product","link":"https:\/\/grupotextil.es\/en\/product\/lady-full-zip-hooded-sweatshirt\/","title":{"rendered":"Lady Full Zip Hooded Sweatshirt"},"content":{"rendered":"<p><strong>Sudadera de mujer con capucha, cremallera entera y bolsillo de canguro en tejido sin perchar (French Terry).&nbsp;<\/strong><\/p>\n<p>Caracter&iacute;sticas:<\/p>\n<ul>\n<li>Sudadera con capucha.<\/li>\n<li>Cord&oacute;n de ajuste a tono.<\/li>\n<li>Cremallera entera cubierta.<\/li>\n<li>Bolsillo canguro.<\/li>\n<li>2&#215;1 canal&eacute; en pu&ntilde;os y bajo.<\/li>\n<li>Tejido sin perchar (French Terry).<\/li>\n<li>260 g\/m&sup2; aprox.<\/li>\n<li>65% Poli&eacute;ster \/ 35% Algod&oacute;n<\/li>\n<li>GM: 61% algod&oacute;n \/31% poli&eacute;ster \/ 8% viscosa<\/li>\n<\/ul>\n<p>&nbsp;<\/p>","protected":false},"excerpt":{"rendered":"<p>Sudadera de mujer con capucha, cremallera entera y bolsillo de canguro en tejido sin perchar (French Terry).\u00a0Caracter\u00edsticas:Sudadera con capucha.Cord\u00f3n de ajuste a tono.Cremallera entera cubierta.Bolsillo canguro.2&#215;1 canal\u00e9 en pu\u00f1os y bajo.Tejido sin perchar (French Terry).260 g\/m\u00b2 aprox.65% <\/p>","protected":false},"featured_media":464581,"comment_status":"open","ping_status":"closed","template":"","meta":{"_acf_changed":false},"product_brand":[],"product_cat":[13974,13973,13980],"product_tag":[],"class_list":{"0":"post-464580","1":"product","2":"type-product","3":"status-publish","4":"has-post-thumbnail","6":"product_cat-ropa-hombre","7":"product_cat-ropa","8":"product_cat-h-sudaderas","9":"tm-no-options","11":"first","12":"instock","13":"taxable","14":"shipping-taxable","15":"product-type-variable"},"acf":[],"_links":{"self":[{"href":"https:\/\/grupotextil.es\/en\/wp-json\/wp\/v2\/product\/464580","targetHints":{"allow":["GET"]}}],"collection":[{"href":"https:\/\/grupotextil.es\/en\/wp-json\/wp\/v2\/product"}],"about":[{"href":"https:\/\/grupotextil.es\/en\/wp-json\/wp\/v2\/types\/product"}],"replies":[{"embeddable":true,"href":"https:\/\/grupotextil.es\/en\/wp-json\/wp\/v2\/comments?post=464580"}],"wp:featuredmedia":[{"embeddable":true,"href":"https:\/\/grupotextil.es\/en\/wp-json\/wp\/v2\/media\/464581"}],"wp:attachment":[{"href":"https:\/\/grupotextil.es\/en\/wp-json\/wp\/v2\/media?parent=464580"}],"wp:term":[{"taxonomy":"product_brand","embeddable":true,"href":"https:\/\/grupotextil.es\/en\/wp-json\/wp\/v2\/product_brand?post=464580"},{"taxonomy":"product_cat","embeddable":true,"href":"https:\/\/grupotextil.es\/en\/wp-json\/wp\/v2\/product_cat?post=464580"},{"taxonomy":"product_tag","embeddable":true,"href":"https:\/\/grupotextil.es\/en\/wp-json\/wp\/v2\/product_tag?post=464580"}],"curies":[{"name":"wp","href":"https:\/\/api.w.org\/{rel}","templated":true}]}}