{"id":464765,"date":"2026-03-13T07:42:23","date_gmt":"2026-03-13T06:42:23","guid":{"rendered":"https:\/\/grupotextil.es\/producto\/kangaroo-cvc-sweatshirt-lady\/"},"modified":"2026-03-13T07:42:23","modified_gmt":"2026-03-13T06:42:23","slug":"kangaroo-cvc-sweatshirt-lady","status":"publish","type":"product","link":"https:\/\/grupotextil.es\/en\/product\/kangaroo-cvc-sweatshirt-lady\/","title":{"rendered":"Kangaroo CVC Sweatshirt Lady"},"content":{"rendered":"<p><strong>Sudadera de algod&oacute;n CVC&nbsp;(80% Algod&oacute;n \/ 20% Poli&eacute;ster) chica con capucha y bolsillo de canguro con cordones de ajuste a tono<\/strong>. Disponible en 7 colores y desde la talla S hasta la XXL. Tambi&eacute;n para hombre y ni&ntilde;o.<\/p>\n<p>Caracter&iacute;sticas:<\/p>\n<ul>\n<li>Sudadera con capucha.<\/li>\n<li>Cord&oacute;n de ajuste a tono.<\/li>\n<li>Bolsillo canguro.<\/li>\n<li>2&#215;1 canal&eacute; con licra en pu&ntilde;os y bajo.<\/li>\n<li>Felpa perchada.<\/li>\n<\/ul>\n<p>Composici&oacute;n de colores:<\/p>\n<ul>\n<li>GM: 73% algod&oacute;n \/ 20% poli&eacute;ster \/ 7% viscosa<\/li>\n<\/ul>","protected":false},"excerpt":{"rendered":"<p>Sudadera de algod\u00f3n CVC\u00a0(80% Algod\u00f3n \/ 20% Poli\u00e9ster) chica con capucha y bolsillo de canguro con cordones de ajuste a tono. Disponible en 7 colores y desde la talla S hasta la XXL. Tambi\u00e9n para hombre y ni\u00f1o.Caracter\u00edsticas:Sudadera con capucha.Cord\u00f3n de ajuste a tono.Bolsillo canguro.2&#215;1 c<\/p>","protected":false},"featured_media":464766,"comment_status":"open","ping_status":"closed","template":"","meta":{"_acf_changed":false},"product_brand":[],"product_cat":[13974,13973,13980],"product_tag":[],"class_list":{"0":"post-464765","1":"product","2":"type-product","3":"status-publish","4":"has-post-thumbnail","6":"product_cat-ropa-hombre","7":"product_cat-ropa","8":"product_cat-h-sudaderas","9":"tm-no-options","11":"first","12":"instock","13":"taxable","14":"shipping-taxable","15":"product-type-variable"},"acf":[],"_links":{"self":[{"href":"https:\/\/grupotextil.es\/en\/wp-json\/wp\/v2\/product\/464765","targetHints":{"allow":["GET"]}}],"collection":[{"href":"https:\/\/grupotextil.es\/en\/wp-json\/wp\/v2\/product"}],"about":[{"href":"https:\/\/grupotextil.es\/en\/wp-json\/wp\/v2\/types\/product"}],"replies":[{"embeddable":true,"href":"https:\/\/grupotextil.es\/en\/wp-json\/wp\/v2\/comments?post=464765"}],"wp:featuredmedia":[{"embeddable":true,"href":"https:\/\/grupotextil.es\/en\/wp-json\/wp\/v2\/media\/464766"}],"wp:attachment":[{"href":"https:\/\/grupotextil.es\/en\/wp-json\/wp\/v2\/media?parent=464765"}],"wp:term":[{"taxonomy":"product_brand","embeddable":true,"href":"https:\/\/grupotextil.es\/en\/wp-json\/wp\/v2\/product_brand?post=464765"},{"taxonomy":"product_cat","embeddable":true,"href":"https:\/\/grupotextil.es\/en\/wp-json\/wp\/v2\/product_cat?post=464765"},{"taxonomy":"product_tag","embeddable":true,"href":"https:\/\/grupotextil.es\/en\/wp-json\/wp\/v2\/product_tag?post=464765"}],"curies":[{"name":"wp","href":"https:\/\/api.w.org\/{rel}","templated":true}]}}