{"id":468520,"date":"2026-03-13T08:08:49","date_gmt":"2026-03-13T07:08:49","guid":{"rendered":"https:\/\/grupotextil.es\/producto\/strap-kid\/"},"modified":"2026-03-13T08:08:49","modified_gmt":"2026-03-13T07:08:49","slug":"strap-kid","status":"publish","type":"product","link":"https:\/\/grupotextil.es\/en\/product\/strap-kid\/","title":{"rendered":"Strap Kid"},"content":{"rendered":"<p><strong>Camiseta b&aacute;sica para ni&ntilde;o de tirantes, 100% algod&oacute;n preencogido, para personalizar<\/strong>. Disponible en 6 colores y desde la talla 3-4 a&ntilde;os hasta la 12-14. Etiqueta removible.<\/p>\n<p>Caracter&iacute;sticas:<\/p>\n<ul>\n<li>Doble costura en cuello, sisa y bajo.<\/li>\n<li>Cuello self fabric.<\/li>\n<li>Etiqueta removible<\/li>\n<\/ul>\n<p>Composici&oacute;n de colores:<\/p>\n<ul>\n<li>GM: 85% algod&oacute;n \/ 15% viscosa<\/li>\n<\/ul>","protected":false},"excerpt":{"rendered":"<p>Camiseta b\u00e1sica para ni\u00f1o de tirantes, 100% algod\u00f3n preencogido, para personalizar. Disponible en 6 colores y desde la talla 3-4 a\u00f1os hasta la 12-14.<\/p>","protected":false},"featured_media":468521,"comment_status":"open","ping_status":"closed","template":"","meta":{"_acf_changed":false},"product_brand":[14181],"product_cat":[13977,13986,13974,13975,13973],"product_tag":[],"class_list":{"0":"post-468520","1":"product","2":"type-product","3":"status-publish","4":"has-post-thumbnail","6":"product_brand-jhk","7":"product_cat-h-camisetas-manga-corta","8":"product_cat-m-camisetas-manga-corta","9":"product_cat-ropa-hombre","10":"product_cat-ropa-mujer","11":"product_cat-ropa","12":"tm-no-options","14":"first","15":"instock","16":"taxable","17":"shipping-taxable","18":"product-type-variable"},"acf":[],"_links":{"self":[{"href":"https:\/\/grupotextil.es\/en\/wp-json\/wp\/v2\/product\/468520","targetHints":{"allow":["GET"]}}],"collection":[{"href":"https:\/\/grupotextil.es\/en\/wp-json\/wp\/v2\/product"}],"about":[{"href":"https:\/\/grupotextil.es\/en\/wp-json\/wp\/v2\/types\/product"}],"replies":[{"embeddable":true,"href":"https:\/\/grupotextil.es\/en\/wp-json\/wp\/v2\/comments?post=468520"}],"wp:featuredmedia":[{"embeddable":true,"href":"https:\/\/grupotextil.es\/en\/wp-json\/wp\/v2\/media\/468521"}],"wp:attachment":[{"href":"https:\/\/grupotextil.es\/en\/wp-json\/wp\/v2\/media?parent=468520"}],"wp:term":[{"taxonomy":"product_brand","embeddable":true,"href":"https:\/\/grupotextil.es\/en\/wp-json\/wp\/v2\/product_brand?post=468520"},{"taxonomy":"product_cat","embeddable":true,"href":"https:\/\/grupotextil.es\/en\/wp-json\/wp\/v2\/product_cat?post=468520"},{"taxonomy":"product_tag","embeddable":true,"href":"https:\/\/grupotextil.es\/en\/wp-json\/wp\/v2\/product_tag?post=468520"}],"curies":[{"name":"wp","href":"https:\/\/api.w.org\/{rel}","templated":true}]}}