{"id":470184,"date":"2026-03-13T08:24:05","date_gmt":"2026-03-13T07:24:05","guid":{"rendered":"https:\/\/grupotextil.es\/producto\/paradise\/"},"modified":"2026-03-13T08:24:05","modified_gmt":"2026-03-13T07:24:05","slug":"paradise","status":"publish","type":"product","link":"https:\/\/grupotextil.es\/en\/product\/paradise\/","title":{"rendered":"Paradise"},"content":{"rendered":"<p><strong>Camiseta b&aacute;sica de tirantes para mujer con espalda de dise&ntilde;o de nataci&oacute;n, 100% algod&oacute;n<\/strong>. Disponible en 5 colores y desde la talla S hasta la XL. Etiqueta removible.<\/p>\n<p>Caracter&iacute;sticas:&nbsp;<\/p>\n<ul>\n<li>Camiseta de tirantes.<\/li>\n<li>Punto liso.<\/li>\n<li>Cuello y sisa en el mismo tejido que la prenda.<\/li>\n<li>Espalda de nadador.<\/li>\n<li>120 g\/m&sup2; aprox.<\/li>\n<li>100% Algod&oacute;n<\/li>\n<li>GM &#8211; 85% Algod&oacute;n \/ 15% Viscosa<\/li>\n<li>Etiqueta removible<\/li>\n<\/ul>","protected":false},"excerpt":{"rendered":"<p>Camiseta b\u00e1sica de tirantes para mujer con espalda de dise\u00f1o de nataci\u00f3n, 100% algod\u00f3n. Disponible en 5 colores y desde la talla S hasta la XL.<\/p>","protected":false},"featured_media":470185,"comment_status":"open","ping_status":"closed","template":"","meta":{"_acf_changed":false},"product_brand":[14181],"product_cat":[13977,13986,13974,13975,13973],"product_tag":[],"class_list":{"0":"post-470184","1":"product","2":"type-product","3":"status-publish","4":"has-post-thumbnail","6":"product_brand-jhk","7":"product_cat-h-camisetas-manga-corta","8":"product_cat-m-camisetas-manga-corta","9":"product_cat-ropa-hombre","10":"product_cat-ropa-mujer","11":"product_cat-ropa","12":"tm-no-options","14":"first","15":"instock","16":"taxable","17":"shipping-taxable","18":"product-type-variable"},"acf":[],"_links":{"self":[{"href":"https:\/\/grupotextil.es\/en\/wp-json\/wp\/v2\/product\/470184","targetHints":{"allow":["GET"]}}],"collection":[{"href":"https:\/\/grupotextil.es\/en\/wp-json\/wp\/v2\/product"}],"about":[{"href":"https:\/\/grupotextil.es\/en\/wp-json\/wp\/v2\/types\/product"}],"replies":[{"embeddable":true,"href":"https:\/\/grupotextil.es\/en\/wp-json\/wp\/v2\/comments?post=470184"}],"wp:featuredmedia":[{"embeddable":true,"href":"https:\/\/grupotextil.es\/en\/wp-json\/wp\/v2\/media\/470185"}],"wp:attachment":[{"href":"https:\/\/grupotextil.es\/en\/wp-json\/wp\/v2\/media?parent=470184"}],"wp:term":[{"taxonomy":"product_brand","embeddable":true,"href":"https:\/\/grupotextil.es\/en\/wp-json\/wp\/v2\/product_brand?post=470184"},{"taxonomy":"product_cat","embeddable":true,"href":"https:\/\/grupotextil.es\/en\/wp-json\/wp\/v2\/product_cat?post=470184"},{"taxonomy":"product_tag","embeddable":true,"href":"https:\/\/grupotextil.es\/en\/wp-json\/wp\/v2\/product_tag?post=470184"}],"curies":[{"name":"wp","href":"https:\/\/api.w.org\/{rel}","templated":true}]}}