{"id":471207,"date":"2026-03-13T08:34:33","date_gmt":"2026-03-13T07:34:33","guid":{"rendered":"https:\/\/grupotextil.es\/producto\/tokyo-kid\/"},"modified":"2026-03-13T08:34:33","modified_gmt":"2026-03-13T07:34:33","slug":"tokyo-kid","status":"publish","type":"product","link":"https:\/\/grupotextil.es\/en\/product\/tokyo-kid\/","title":{"rendered":"Tokyo Kid"},"content":{"rendered":"<p>Pantal&oacute;n infantil. Cinturilla el&aacute;stica con cremallera y bot&oacute;n. Cinco trabillas y cremallera a tono.<br \/>Dos bolsillos delanteros y uno trasero. Dos pinzas verticales debajo de la cintura en la parte trasera.<br \/>Bot&oacute;n interior en cintura para ajuste de talla. Cintura el&aacute;stica sin bot&oacute;n en la talla 3\/4.<\/p>\n<p>Disponible en 3 colores, desde la talla 3\/4 hasta la 12\/14 a&ntilde;os.<\/p>","protected":false},"excerpt":{"rendered":"<p>Pantal\u00f3n infantil. Cinturilla el\u00e1stica con cremallera y bot\u00f3n.<\/p>","protected":false},"featured_media":471208,"comment_status":"open","ping_status":"closed","template":"","meta":{"_acf_changed":false},"product_brand":[14182],"product_cat":[13974,13975,13973],"product_tag":[],"class_list":{"0":"post-471207","1":"product","2":"type-product","3":"status-publish","4":"has-post-thumbnail","6":"product_brand-wk-designed-to-work","7":"product_cat-ropa-hombre","8":"product_cat-ropa-mujer","9":"product_cat-ropa","10":"tm-no-options","12":"first","13":"instock","14":"taxable","15":"shipping-taxable","16":"product-type-variable"},"acf":[],"_links":{"self":[{"href":"https:\/\/grupotextil.es\/en\/wp-json\/wp\/v2\/product\/471207","targetHints":{"allow":["GET"]}}],"collection":[{"href":"https:\/\/grupotextil.es\/en\/wp-json\/wp\/v2\/product"}],"about":[{"href":"https:\/\/grupotextil.es\/en\/wp-json\/wp\/v2\/types\/product"}],"replies":[{"embeddable":true,"href":"https:\/\/grupotextil.es\/en\/wp-json\/wp\/v2\/comments?post=471207"}],"wp:featuredmedia":[{"embeddable":true,"href":"https:\/\/grupotextil.es\/en\/wp-json\/wp\/v2\/media\/471208"}],"wp:attachment":[{"href":"https:\/\/grupotextil.es\/en\/wp-json\/wp\/v2\/media?parent=471207"}],"wp:term":[{"taxonomy":"product_brand","embeddable":true,"href":"https:\/\/grupotextil.es\/en\/wp-json\/wp\/v2\/product_brand?post=471207"},{"taxonomy":"product_cat","embeddable":true,"href":"https:\/\/grupotextil.es\/en\/wp-json\/wp\/v2\/product_cat?post=471207"},{"taxonomy":"product_tag","embeddable":true,"href":"https:\/\/grupotextil.es\/en\/wp-json\/wp\/v2\/product_tag?post=471207"}],"curies":[{"name":"wp","href":"https:\/\/api.w.org\/{rel}","templated":true}]}}