{"id":501896,"date":"2026-03-15T18:18:02","date_gmt":"2026-03-15T17:18:02","guid":{"rendered":"https:\/\/grupotextil.es\/producto\/roller-vector-xl\/"},"modified":"2026-05-03T04:56:39","modified_gmt":"2026-05-03T02:56:39","slug":"roller-vector-xl","status":"publish","type":"product","link":"https:\/\/grupotextil.es\/en\/product\/roller-vector-xl\/","title":{"rendered":"Roller Vector XL"},"content":{"rendered":"<p>Features<\/p>\n<p> \tParker roller pen Vector XL, made in polished stainless steel, enhanced with a chrome plated trim and the brand&#8217;s iconic arrowhead clip on the cap. In black ink and presented in an individual black case with Parker logo. \t \tEscritura limpia y homog\u00e9nea, sin saltos y con gran fluidez e intensidad. Su pr\u00e1ctica forma cil\u00edndrica y su robusto plum\u00edn de acero inoxidable permiten escribir con gran comodidad y precisi\u00f3n, haciendo del Vector XL un instrumento de escritura tan accesible como vers\u00e1til.<\/p>\n<p>Jumbo Refill. Black Ink<\/p>\n<p>Stainless Steel<\/p>\n<p>\t#ProductInfoTabs .Observaciones ul {<br \/>\n\t\tlist-style: none !important;<br \/>\n\t\tmargin: 10px;<br \/>\n\t\tpadding: 2px 0 0;<br \/>\n\t}<\/p>\n<p>      Catalogues<\/p>\n<p>\t\t\t\t\t\tGeneral Catalogue:<\/p>\n<p>\t\t\t\t\t\t\tPage 438<\/p>","protected":false},"excerpt":{"rendered":"<p>Features Parker roller pen Vector XL, made in polished stainless steel, enhanced with a chrome plated trim and the brand&#8217;s iconic arrowhead clip on the cap. In black ink and&hellip;<\/p>","protected":false},"featured_media":0,"comment_status":"open","ping_status":"closed","template":"","meta":{"_acf_changed":false},"product_brand":[],"product_cat":[],"product_tag":[],"class_list":{"0":"post-501896","1":"product","2":"type-product","3":"status-publish","5":"tm-no-options","7":"first","8":"outofstock","9":"taxable","10":"shipping-taxable","11":"product-type-variable"},"acf":[],"_links":{"self":[{"href":"https:\/\/grupotextil.es\/en\/wp-json\/wp\/v2\/product\/501896","targetHints":{"allow":["GET"]}}],"collection":[{"href":"https:\/\/grupotextil.es\/en\/wp-json\/wp\/v2\/product"}],"about":[{"href":"https:\/\/grupotextil.es\/en\/wp-json\/wp\/v2\/types\/product"}],"replies":[{"embeddable":true,"href":"https:\/\/grupotextil.es\/en\/wp-json\/wp\/v2\/comments?post=501896"}],"wp:attachment":[{"href":"https:\/\/grupotextil.es\/en\/wp-json\/wp\/v2\/media?parent=501896"}],"wp:term":[{"taxonomy":"product_brand","embeddable":true,"href":"https:\/\/grupotextil.es\/en\/wp-json\/wp\/v2\/product_brand?post=501896"},{"taxonomy":"product_cat","embeddable":true,"href":"https:\/\/grupotextil.es\/en\/wp-json\/wp\/v2\/product_cat?post=501896"},{"taxonomy":"product_tag","embeddable":true,"href":"https:\/\/grupotextil.es\/en\/wp-json\/wp\/v2\/product_tag?post=501896"}],"curies":[{"name":"wp","href":"https:\/\/api.w.org\/{rel}","templated":true}]}}